{"id":375,"date":"2018-10-17T18:11:58","date_gmt":"2018-10-17T18:11:58","guid":{"rendered":"https:\/\/www.koine-aequalitas.org\/conocenos\/patronato-y-direccion-tecnica\/"},"modified":"2024-10-09T14:50:33","modified_gmt":"2024-10-09T14:50:33","slug":"conseil-et-direction-technique","status":"publish","type":"page","link":"https:\/\/www.koine-aequalitas.org\/fr\/conocenos\/conseil-et-direction-technique\/","title":{"rendered":"Patronato y direcci\u00f3n t\u00e9cnica"},"content":{"rendered":"<p>[et_pb_section fb_built=\u00a0\u00bb1&Prime; fullwidth=\u00a0\u00bbon\u00a0\u00bb _builder_version=\u00a0\u00bb4.16&Prime; global_colors_info=\u00a0\u00bb{}\u00a0\u00bb][et_pb_fullwidth_header title=\u00a0\u00bbConseil et direction technique\u00a0\u00bb text_orientation=\u00a0\u00bbcenter\u00a0\u00bb _builder_version=\u00a0\u00bb4.16&Prime; custom_padding=\u00a0\u00bb1em||1em|\u00a0\u00bb global_colors_info=\u00a0\u00bb{}\u00a0\u00bb button_one_text_size__hover_enabled=\u00a0\u00bboff\u00a0\u00bb button_two_text_size__hover_enabled=\u00a0\u00bboff\u00a0\u00bb button_one_text_color__hover_enabled=\u00a0\u00bboff\u00a0\u00bb button_two_text_color__hover_enabled=\u00a0\u00bboff\u00a0\u00bb button_one_border_width__hover_enabled=\u00a0\u00bboff\u00a0\u00bb button_two_border_width__hover_enabled=\u00a0\u00bboff\u00a0\u00bb button_one_border_color__hover_enabled=\u00a0\u00bboff\u00a0\u00bb button_two_border_color__hover_enabled=\u00a0\u00bboff\u00a0\u00bb button_one_border_radius__hover_enabled=\u00a0\u00bboff\u00a0\u00bb button_two_border_radius__hover_enabled=\u00a0\u00bboff\u00a0\u00bb button_one_letter_spacing__hover_enabled=\u00a0\u00bboff\u00a0\u00bb button_two_letter_spacing__hover_enabled=\u00a0\u00bboff\u00a0\u00bb button_one_bg_color__hover_enabled=\u00a0\u00bboff\u00a0\u00bb button_two_bg_color__hover_enabled=\u00a0\u00bboff\u00a0\u00bb][\/et_pb_fullwidth_header][\/et_pb_section][et_pb_section fb_built=\u00a0\u00bb1&Prime; _builder_version=\u00a0\u00bb4.16&Prime; global_colors_info=\u00a0\u00bb{}\u00a0\u00bb][et_pb_row column_structure=\u00a0\u00bb1_2,1_2&Prime; _builder_version=\u00a0\u00bb4.16&Prime; background_size=\u00a0\u00bbinitial\u00a0\u00bb background_position=\u00a0\u00bbtop_left\u00a0\u00bb background_repeat=\u00a0\u00bbrepeat\u00a0\u00bb global_colors_info=\u00a0\u00bb{}\u00a0\u00bb][et_pb_column type=\u00a0\u00bb1_2&Prime; _builder_version=\u00a0\u00bb4.16&Prime; custom_padding=\u00a0\u00bb|||\u00a0\u00bb global_colors_info=\u00a0\u00bb{}\u00a0\u00bb custom_padding__hover=\u00a0\u00bb|||\u00a0\u00bb][et_pb_team_member name=\u00a0\u00bbM\u00aa Jos\u00e9 Beriain Apestegu\u00eda\u00a0\u00bb position=\u00a0\u00bbPr\u00e9sidente\u00a0\u00bb admin_label=\u00a0\u00bbM\u00aa Jos\u00e9 Beriain Apestegu\u00eda\u00a0\u00bb _builder_version=\u00a0\u00bb4.16&Prime; global_colors_info=\u00a0\u00bb{}\u00a0\u00bb]<\/p>\n<p><span style=\"font-size: 16px;\">Professeure \u00e0 l&rsquo;Universit\u00e9 dans le d\u00e9partement de Nutrition et de Bromatologie. Dipl\u00f4m\u00e9e et docteure en pharmacie de l&rsquo;Universit\u00e9 de Navarre. Elle a enseign\u00e9 diverses mati\u00e8res dans le domaine des sciences et technologies de l&rsquo;alimentation depuis son arriv\u00e9e \u00e0 l&rsquo;Universit\u00e9 Publique de Navarre en 1990.<br \/> Son activit\u00e9 de recherche s\u2019articule autour de la ligne de qualit\u00e9 et de technologie de la viande et de ses d\u00e9riv\u00e9s, particuli\u00e8rement orient\u00e9e vers la conception et le d\u00e9veloppement de nouveaux produits aux propri\u00e9t\u00e9s saines. Ses recherches couvrent plus de cinquante projets financ\u00e9s par des fonds publics aux niveaux r\u00e9gional, national et europ\u00e9en, ainsi que par les industries de la viande avec lesquelles elle collabore \u00e9troitement pour am\u00e9liorer la qualit\u00e9 des produits. Elle a pr\u00e9sent\u00e9 plus de 80 publications scientifiques et techniques, deux douzaines de chapitres de livre et plus d&rsquo;une centaine de communications lors de conf\u00e9rences nationales et internationales. Elle a dirig\u00e9 une douzaine de th\u00e8ses de doctorat. Elle est \u00e9valuatrice scientifique de revues appartenant au SCI. Elle est membre de l&rsquo;American Society of Animal Science. Elle a enseign\u00e9 plus de vingt cours, s\u00e9minaires et conf\u00e9rences sur la qualit\u00e9 de la viande et de ses d\u00e9riv\u00e9s.<br \/> Elle a \u00e9t\u00e9 directrice du bureau pour le transfert des r\u00e9sultats de la recherche (OTRI Navarre) pendant cinq ans (1999-2004). Elle est membre de la Commission acad\u00e9mique du dipl\u00f4me (IPPA) et du programme de Doctorat en Agroalimentaire.<br \/> Elle est directrice de l&rsquo;Institut pour l&rsquo;innovation et la durabilit\u00e9 dans la cha\u00eene agroalimentaire (IS-FOOD) de la m\u00eame UPNA, qui vise \u00e0 produire, innover et promouvoir des aliments s\u00fbrs, durables et sains.<\/span><\/p>\n<p>[\/et_pb_team_member][\/et_pb_column][et_pb_column type=\u00a0\u00bb1_2&Prime; _builder_version=\u00a0\u00bb4.16&Prime; custom_padding=\u00a0\u00bb|||\u00a0\u00bb global_colors_info=\u00a0\u00bb{}\u00a0\u00bb custom_padding__hover=\u00a0\u00bb|||\u00a0\u00bb][et_pb_team_member name=\u00a0\u00bbMyriam Flores Quesada\u00a0\u00bb position=\u00a0\u00bbDirection technique\u00a0\u00bb admin_label=\u00a0\u00bbMyriam Flores Quesada\u00a0\u00bb _builder_version=\u00a0\u00bb4.16&Prime; global_colors_info=\u00a0\u00bb{}\u00a0\u00bb]<\/p>\n<p><span style=\"font-size: 16px;\">Dipl\u00f4m\u00e9e en travail social de l&rsquo;Universit\u00e9 de Deusto et dipl\u00f4m\u00e9e en anthropologie socioculturelle de l&rsquo;Universit\u00e9 du Pays Basque. Elle a fait des \u00e9tudes de troisi\u00e8me cycle dans le domaine des agents d&rsquo;insertion socio-professionnelle. Master en m\u00e9diation familiale, civile et commerciale. Master en recherche anthropologique appliqu\u00e9e.<br \/> Elle poss\u00e8de une vaste exp\u00e9rience dans diverses entit\u00e9s du secteur social, d\u00e9veloppant des fonctions de gestion et d\u2019intervention en situation de d\u00e9savantage social (en particulier les personnes en situation de handicap et les migrants), ainsi que dans la conception de services, de programmes et la pr\u00e9paration de rapports techniques. Elle poss\u00e8de \u00e9galement une vaste exp\u00e9rience en tant qu&rsquo;enseignante dans diverses sp\u00e9cialit\u00e9s de formation\u00a0: dynamisation de la communaut\u00e9, d\u00e9veloppement de projets sociaux, intervention sociale, etc.<br \/> Elle a particip\u00e9 \u00e0 plusieurs recherches dans le domaine du handicap et de la migration.<\/span><\/p>\n<p>[\/et_pb_team_member][\/et_pb_column][\/et_pb_row][\/et_pb_section][et_pb_section fb_built=\u00a0\u00bb1&Prime; _builder_version=\u00a0\u00bb4.16&Prime; background_color=\u00a0\u00bb#fafafa\u00a0\u00bb global_colors_info=\u00a0\u00bb{}\u00a0\u00bb][et_pb_row column_structure=\u00a0\u00bb1_4,1_4,1_4,1_4&Prime; _builder_version=\u00a0\u00bb4.16&Prime; background_size=\u00a0\u00bbinitial\u00a0\u00bb background_position=\u00a0\u00bbtop_left\u00a0\u00bb background_repeat=\u00a0\u00bbrepeat\u00a0\u00bb global_colors_info=\u00a0\u00bb{}\u00a0\u00bb][et_pb_column type=\u00a0\u00bb1_4&Prime; _builder_version=\u00a0\u00bb4.16&Prime; custom_padding=\u00a0\u00bb|||\u00a0\u00bb global_colors_info=\u00a0\u00bb{}\u00a0\u00bb custom_padding__hover=\u00a0\u00bb|||\u00a0\u00bb][et_pb_team_member name=\u00a0\u00bbPatricia L\u00f3pez Equiza\u00a0\u00bb position=\u00a0\u00bbVice-pr\u00e9sidente\u00a0\u00bb admin_label=\u00a0\u00bbPatricia L\u00f3pez Equiza\u00a0\u00bb _builder_version=\u00a0\u00bb4.16&Prime; global_colors_info=\u00a0\u00bb{}\u00a0\u00bb]<\/p>\n<p><span style=\"font-size: 16px;\">Sociologue avec un troisi\u00e8me cycle et Master en ressources humaines, gestion de la qualit\u00e9 et planification des services sociaux.<br \/><\/span><\/p>\n<p>Elle travaille depuis plus de 10 ans en tant que Responsable dans plusieurs associations professionnelles : depuis 2007 comme Responsable de l\u2019ANEC, (Association des Cabinets de Conseil en Navarre) et de 2017 \u00e0 2020 comme Responsable de l\u2019Association ADEMAN (Association des Entreprises du Bois de Navarre). et Actuellement elle est Directrice de l\u00b4innovation et des projets dans l\u00b4Association des PYMES m\u00e9talliques de Navarre.<\/p>\n<p><span style=\"font-size: 16px;\">Auparavant, elle a travaill\u00e9 comme Consultante dans la gestion de diff\u00e9rents projets sociaux, entrepreneuriaux et d\u2019emploi, tant au niveau r\u00e9gional qu\u2019international.<br \/> Experte en leadership et strat\u00e9gie, communication et marketing, gestion de projet, internationalisation, commerce et dynamisation des entreprises.<\/span><\/p>\n<p>[\/et_pb_team_member][\/et_pb_column][et_pb_column type=\u00a0\u00bb1_4&Prime; _builder_version=\u00a0\u00bb4.16&Prime; custom_padding=\u00a0\u00bb|||\u00a0\u00bb global_colors_info=\u00a0\u00bb{}\u00a0\u00bb custom_padding__hover=\u00a0\u00bb|||\u00a0\u00bb][et_pb_team_member name=\u00a0\u00bbKattalin Iba\u00f1ez Bastarrika\u00a0\u00bb position=\u00a0\u00bbSecr\u00e9taire\u00a0\u00bb admin_label=\u00a0\u00bbKattalin Iba\u00f1ez Bastarrika\u00a0\u00bb _builder_version=\u00a0\u00bb4.16&Prime; global_colors_info=\u00a0\u00bb{}\u00a0\u00bb]<\/p>\n<p>Dipl\u00f4m\u00e9e en travail social et dipl\u00f4me en science sociales. \u00c9tudes de troisi\u00e8me cycle en gestion d&rsquo;associations \u00e0 but non lucratif et d&rsquo;agent d&rsquo;\u00e9galit\u00e9 des chances.<br \/> Au cours de sa longue carri\u00e8re, elle a eu l&rsquo;occasion de participer \u00e0 la mise en \u0153uvre de programmes pionniers et de r\u00e9f\u00e9rence nationale en mati\u00e8re de services sociaux de soins \u00e0 domicile, de logements d&rsquo;int\u00e9gration sociale, d\u2019assistance pour les femmes victimes de violence sexiste, etc.<br \/> Elle a occup\u00e9 divers postes de direction dans les domaines des services sociaux et de l&#8217;emploi, notamment dans les domaines de la gestion des ressources sociales, de la planification organisationnelle et de la promotion de l&rsquo;activit\u00e9 professionnelle: entreprises, organisations syndicales, etc.<br \/> De m\u00eame, elle a r\u00e9alis\u00e9 et\/ou particip\u00e9 \u00e0 des projets europ\u00e9ens, des recherches, des plans strat\u00e9giques et des actions publiques.<\/p>\n<p>[\/et_pb_team_member][\/et_pb_column][et_pb_column type=\u00a0\u00bb1_4&Prime; _builder_version=\u00a0\u00bb4.16&Prime; custom_padding=\u00a0\u00bb|||\u00a0\u00bb global_colors_info=\u00a0\u00bb{}\u00a0\u00bb custom_padding__hover=\u00a0\u00bb|||\u00a0\u00bb][et_pb_team_member name=\u00a0\u00bbJoaqu\u00edn Arbeloa \u00c1lvarez\u00a0\u00bb position=\u00a0\u00bbMembre\u00a0\u00bb admin_label=\u00a0\u00bbLuis Ciriza Ariztegui\u00a0\u00bb _builder_version=\u00a0\u00bb4.27.0&Prime; hover_enabled=\u00a0\u00bb0&Prime; global_colors_info=\u00a0\u00bb{}\u00a0\u00bb sticky_enabled=\u00a0\u00bb0&Prime;]<\/p>\n<p>Titulaire d&rsquo;un dipl\u00f4me en droit, il est Master en Management International, Master en Direction du Commerce International et Sp\u00e9cialiste en Direction Bancaire et en Finances.<br \/>Il poss\u00e8de plus de 35 ans d&rsquo;exp\u00e9rience en tant que dirigeant dans divers domaines, notamment en tant que cadre avec diff\u00e9rentes responsabilit\u00e9s dans le secteur financier, directeur d&rsquo;un prestigieux club sportif, membre de plusieurs conseils d&rsquo;administration et professeur de finances. Dans ces domaines, il a eu l&rsquo;occasion de travailler \u00e0 l&rsquo;\u00e9laboration de nombreux plans strat\u00e9giques et politiques de gestion des ressources humaines, au d\u00e9veloppement et \u00e0 l&rsquo;optimisation d&rsquo;\u00e9quipes commerciales, ainsi qu&rsquo;\u00e0 divers processus de fusion et de transformation culturelle.<br \/>Sportif de haut niveau en pelote basque, il a \u00e9galement \u00e9t\u00e9 tuteur b\u00e9n\u00e9vole du Projet Incorpora de la Fondation la Caixa pour aider \u00e0 l&rsquo;auto-emploi de personnes en situation ou en risque d&rsquo;exclusion sociale.<\/p>\n<p>[\/et_pb_team_member][\/et_pb_column][et_pb_column type=\u00a0\u00bb1_4&Prime; _builder_version=\u00a0\u00bb4.16&Prime; custom_padding=\u00a0\u00bb|||\u00a0\u00bb global_colors_info=\u00a0\u00bb{}\u00a0\u00bb custom_padding__hover=\u00a0\u00bb|||\u00a0\u00bb][et_pb_team_member name=\u00a0\u00bbLuis Ciriza Ariztegui\u00a0\u00bb position=\u00a0\u00bbMembre\u00a0\u00bb admin_label=\u00a0\u00bbLuis Ciriza Ariztegui\u00a0\u00bb _builder_version=\u00a0\u00bb4.16&Prime; global_colors_info=\u00a0\u00bb{}\u00a0\u00bb]<\/p>\n<p><span style=\"font-size: 16px;\">Licenci\u00e9 en droit. Master en gestion des services de sant\u00e9 et M.B.A. \u00c9tudes de troisi\u00e8me cycle en Direction du personnel.<br \/> Il a occup\u00e9 divers postes de direction dans les domaines de la sant\u00e9, des services sociaux et de l\u2019emploi, notamment dans les domaines des ressources humaines, de la planification organisationnelle et de la promotion des activit\u00e9s commerciales. De m\u00eame, il travaille depuis plus de vingt ans en tant que professeur de droit du travail et de s\u00e9curit\u00e9 sociale \u00e0 l&rsquo;Universit\u00e9 Publique de Navarre, professeur de politiques sociales et du travail \u00e0 l&rsquo;Universit\u00e9 Ouverte de Catalogne et professeur collaborateur de stages \u00e0 l&rsquo;Universit\u00e9 du Pays Basque.<br \/> Il a dirig\u00e9, men\u00e9 et\/ou particip\u00e9 \u00e0 de nombreuses recherches, des plans strat\u00e9giques et des actions publiques. Depuis 2007, il se consacre au conseil aux entreprises dans les domaines de la strat\u00e9gie et de l\u2019organisation.<\/span><\/p>\n<p>[\/et_pb_team_member][\/et_pb_column][\/et_pb_row][\/et_pb_section]<\/p>\n","protected":false},"excerpt":{"rendered":"<p>Professeure \u00e0 l&rsquo;Universit\u00e9 dans le d\u00e9partement de Nutrition et de Bromatologie. Dipl\u00f4m\u00e9e et docteure en pharmacie de l&rsquo;Universit\u00e9 de Navarre. Elle a enseign\u00e9 diverses mati\u00e8res dans le domaine des sciences et technologies de l&rsquo;alimentation depuis son arriv\u00e9e \u00e0 l&rsquo;Universit\u00e9 Publique de Navarre en 1990. Son activit\u00e9 de recherche s\u2019articule autour de la ligne de qualit\u00e9 [&hellip;]<\/p>\n","protected":false},"author":1,"featured_media":0,"parent":354,"menu_order":0,"comment_status":"closed","ping_status":"closed","template":"","meta":{"_et_pb_use_builder":"on","_et_pb_old_content":"","_et_gb_content_width":"","footnotes":""},"class_list":["post-375","page","type-page","status-publish","hentry"],"yoast_head":"<!-- This site is optimized with the Yoast SEO plugin v27.5 - https:\/\/yoast.com\/product\/yoast-seo-wordpress\/ -->\n<title>Patronato y direcci\u00f3n t\u00e9cnica - Koine<\/title>\n<meta name=\"robots\" content=\"index, follow, max-snippet:-1, max-image-preview:large, max-video-preview:-1\" \/>\n<link rel=\"canonical\" href=\"https:\/\/www.koine-aequalitas.org\/fr\/conocenos\/conseil-et-direction-technique\/\" \/>\n<meta property=\"og:locale\" content=\"fr_FR\" \/>\n<meta property=\"og:type\" content=\"article\" \/>\n<meta property=\"og:title\" content=\"Patronato y direcci\u00f3n t\u00e9cnica - Koine\" \/>\n<meta property=\"og:description\" content=\"Professeure \u00e0 l&#039;Universit\u00e9 dans le d\u00e9partement de Nutrition et de Bromatologie. Dipl\u00f4m\u00e9e et docteure en pharmacie de l&#039;Universit\u00e9 de Navarre. Elle a enseign\u00e9 diverses mati\u00e8res dans le domaine des sciences et technologies de l&#039;alimentation depuis son arriv\u00e9e \u00e0 l&#039;Universit\u00e9 Publique de Navarre en 1990. Son activit\u00e9 de recherche s\u2019articule autour de la ligne de qualit\u00e9 [&hellip;]\" \/>\n<meta property=\"og:url\" content=\"https:\/\/www.koine-aequalitas.org\/fr\/conocenos\/conseil-et-direction-technique\/\" \/>\n<meta property=\"og:site_name\" content=\"Koine\" \/>\n<meta property=\"article:modified_time\" content=\"2024-10-09T14:50:33+00:00\" \/>\n<meta name=\"twitter:card\" content=\"summary_large_image\" \/>\n<meta name=\"twitter:label1\" content=\"Dur\u00e9e de lecture estim\u00e9e\" \/>\n\t<meta name=\"twitter:data1\" content=\"5 minutes\" \/>\n<script type=\"application\/ld+json\" class=\"yoast-schema-graph\">{\"@context\":\"https:\\\/\\\/schema.org\",\"@graph\":[{\"@type\":\"WebPage\",\"@id\":\"https:\\\/\\\/www.koine-aequalitas.org\\\/fr\\\/conocenos\\\/conseil-et-direction-technique\\\/\",\"url\":\"https:\\\/\\\/www.koine-aequalitas.org\\\/fr\\\/conocenos\\\/conseil-et-direction-technique\\\/\",\"name\":\"Patronato y direcci\u00f3n t\u00e9cnica - Koine\",\"isPartOf\":{\"@id\":\"https:\\\/\\\/www.koine-aequalitas.org\\\/#website\"},\"datePublished\":\"2018-10-17T18:11:58+00:00\",\"dateModified\":\"2024-10-09T14:50:33+00:00\",\"breadcrumb\":{\"@id\":\"https:\\\/\\\/www.koine-aequalitas.org\\\/fr\\\/conocenos\\\/conseil-et-direction-technique\\\/#breadcrumb\"},\"inLanguage\":\"fr-FR\",\"potentialAction\":[{\"@type\":\"ReadAction\",\"target\":[\"https:\\\/\\\/www.koine-aequalitas.org\\\/fr\\\/conocenos\\\/conseil-et-direction-technique\\\/\"]}]},{\"@type\":\"BreadcrumbList\",\"@id\":\"https:\\\/\\\/www.koine-aequalitas.org\\\/fr\\\/conocenos\\\/conseil-et-direction-technique\\\/#breadcrumb\",\"itemListElement\":[{\"@type\":\"ListItem\",\"position\":1,\"name\":\"Portada\",\"item\":\"https:\\\/\\\/www.koine-aequalitas.org\\\/fr\\\/\"},{\"@type\":\"ListItem\",\"position\":2,\"name\":\"Con\u00f3cenos\",\"item\":\"https:\\\/\\\/www.koine-aequalitas.org\\\/conocenos\\\/\"},{\"@type\":\"ListItem\",\"position\":3,\"name\":\"Patronato y direcci\u00f3n t\u00e9cnica\"}]},{\"@type\":\"WebSite\",\"@id\":\"https:\\\/\\\/www.koine-aequalitas.org\\\/#website\",\"url\":\"https:\\\/\\\/www.koine-aequalitas.org\\\/\",\"name\":\"Koine\",\"description\":\"Fundaci\u00f3n para la promoci\u00b4no de derechos de las personas con discapacidad y\\\/o riesgo de exclusi\u00f3n social\",\"potentialAction\":[{\"@type\":\"SearchAction\",\"target\":{\"@type\":\"EntryPoint\",\"urlTemplate\":\"https:\\\/\\\/www.koine-aequalitas.org\\\/?s={search_term_string}\"},\"query-input\":{\"@type\":\"PropertyValueSpecification\",\"valueRequired\":true,\"valueName\":\"search_term_string\"}}],\"inLanguage\":\"fr-FR\"}]}<\/script>\n<!-- \/ Yoast SEO plugin. -->","yoast_head_json":{"title":"Patronato y direcci\u00f3n t\u00e9cnica - Koine","robots":{"index":"index","follow":"follow","max-snippet":"max-snippet:-1","max-image-preview":"max-image-preview:large","max-video-preview":"max-video-preview:-1"},"canonical":"https:\/\/www.koine-aequalitas.org\/fr\/conocenos\/conseil-et-direction-technique\/","og_locale":"fr_FR","og_type":"article","og_title":"Patronato y direcci\u00f3n t\u00e9cnica - Koine","og_description":"Professeure \u00e0 l'Universit\u00e9 dans le d\u00e9partement de Nutrition et de Bromatologie. Dipl\u00f4m\u00e9e et docteure en pharmacie de l'Universit\u00e9 de Navarre. Elle a enseign\u00e9 diverses mati\u00e8res dans le domaine des sciences et technologies de l'alimentation depuis son arriv\u00e9e \u00e0 l'Universit\u00e9 Publique de Navarre en 1990. Son activit\u00e9 de recherche s\u2019articule autour de la ligne de qualit\u00e9 [&hellip;]","og_url":"https:\/\/www.koine-aequalitas.org\/fr\/conocenos\/conseil-et-direction-technique\/","og_site_name":"Koine","article_modified_time":"2024-10-09T14:50:33+00:00","twitter_card":"summary_large_image","twitter_misc":{"Dur\u00e9e de lecture estim\u00e9e":"5 minutes"},"schema":{"@context":"https:\/\/schema.org","@graph":[{"@type":"WebPage","@id":"https:\/\/www.koine-aequalitas.org\/fr\/conocenos\/conseil-et-direction-technique\/","url":"https:\/\/www.koine-aequalitas.org\/fr\/conocenos\/conseil-et-direction-technique\/","name":"Patronato y direcci\u00f3n t\u00e9cnica - Koine","isPartOf":{"@id":"https:\/\/www.koine-aequalitas.org\/#website"},"datePublished":"2018-10-17T18:11:58+00:00","dateModified":"2024-10-09T14:50:33+00:00","breadcrumb":{"@id":"https:\/\/www.koine-aequalitas.org\/fr\/conocenos\/conseil-et-direction-technique\/#breadcrumb"},"inLanguage":"fr-FR","potentialAction":[{"@type":"ReadAction","target":["https:\/\/www.koine-aequalitas.org\/fr\/conocenos\/conseil-et-direction-technique\/"]}]},{"@type":"BreadcrumbList","@id":"https:\/\/www.koine-aequalitas.org\/fr\/conocenos\/conseil-et-direction-technique\/#breadcrumb","itemListElement":[{"@type":"ListItem","position":1,"name":"Portada","item":"https:\/\/www.koine-aequalitas.org\/fr\/"},{"@type":"ListItem","position":2,"name":"Con\u00f3cenos","item":"https:\/\/www.koine-aequalitas.org\/conocenos\/"},{"@type":"ListItem","position":3,"name":"Patronato y direcci\u00f3n t\u00e9cnica"}]},{"@type":"WebSite","@id":"https:\/\/www.koine-aequalitas.org\/#website","url":"https:\/\/www.koine-aequalitas.org\/","name":"Koine","description":"Fundaci\u00f3n para la promoci\u00b4no de derechos de las personas con discapacidad y\/o riesgo de exclusi\u00f3n social","potentialAction":[{"@type":"SearchAction","target":{"@type":"EntryPoint","urlTemplate":"https:\/\/www.koine-aequalitas.org\/?s={search_term_string}"},"query-input":{"@type":"PropertyValueSpecification","valueRequired":true,"valueName":"search_term_string"}}],"inLanguage":"fr-FR"}]}},"_links":{"self":[{"href":"https:\/\/www.koine-aequalitas.org\/fr\/wp-json\/wp\/v2\/pages\/375","targetHints":{"allow":["GET"]}}],"collection":[{"href":"https:\/\/www.koine-aequalitas.org\/fr\/wp-json\/wp\/v2\/pages"}],"about":[{"href":"https:\/\/www.koine-aequalitas.org\/fr\/wp-json\/wp\/v2\/types\/page"}],"author":[{"embeddable":true,"href":"https:\/\/www.koine-aequalitas.org\/fr\/wp-json\/wp\/v2\/users\/1"}],"replies":[{"embeddable":true,"href":"https:\/\/www.koine-aequalitas.org\/fr\/wp-json\/wp\/v2\/comments?post=375"}],"version-history":[{"count":8,"href":"https:\/\/www.koine-aequalitas.org\/fr\/wp-json\/wp\/v2\/pages\/375\/revisions"}],"predecessor-version":[{"id":3216,"href":"https:\/\/www.koine-aequalitas.org\/fr\/wp-json\/wp\/v2\/pages\/375\/revisions\/3216"}],"up":[{"embeddable":true,"href":"https:\/\/www.koine-aequalitas.org\/fr\/wp-json\/wp\/v2\/pages\/354"}],"wp:attachment":[{"href":"https:\/\/www.koine-aequalitas.org\/fr\/wp-json\/wp\/v2\/media?parent=375"}],"curies":[{"name":"wp","href":"https:\/\/api.w.org\/{rel}","templated":true}]}}