{"id":365,"date":"2018-10-17T18:10:42","date_gmt":"2018-10-17T18:10:42","guid":{"rendered":"https:\/\/www.koine-aequalitas.org\/conocenos\/fines-y-actividades-fundacionales\/"},"modified":"2024-08-09T10:29:59","modified_gmt":"2024-08-09T10:29:59","slug":"objectifs-et-activites-fondamentaux","status":"publish","type":"page","link":"https:\/\/www.koine-aequalitas.org\/fr\/conocenos\/objectifs-et-activites-fondamentaux\/","title":{"rendered":"Objectifs et activit\u00e9s fondamentaux"},"content":{"rendered":"<p>[et_pb_section fb_built=\u00a0\u00bb1&Prime; fullwidth=\u00a0\u00bbon\u00a0\u00bb _builder_version=\u00a0\u00bb4.16&Prime; global_colors_info=\u00a0\u00bb{}\u00a0\u00bb][et_pb_fullwidth_header title=\u00a0\u00bbObjectifs et activit\u00e9s fondamentaux\u00a0\u00bb text_orientation=\u00a0\u00bbcenter\u00a0\u00bb _builder_version=\u00a0\u00bb4.16&Prime; custom_padding=\u00a0\u00bb1em||1em|\u00a0\u00bb global_colors_info=\u00a0\u00bb{}\u00a0\u00bb button_one_text_size__hover_enabled=\u00a0\u00bboff\u00a0\u00bb button_two_text_size__hover_enabled=\u00a0\u00bboff\u00a0\u00bb button_one_text_color__hover_enabled=\u00a0\u00bboff\u00a0\u00bb button_two_text_color__hover_enabled=\u00a0\u00bboff\u00a0\u00bb button_one_border_width__hover_enabled=\u00a0\u00bboff\u00a0\u00bb button_two_border_width__hover_enabled=\u00a0\u00bboff\u00a0\u00bb button_one_border_color__hover_enabled=\u00a0\u00bboff\u00a0\u00bb button_two_border_color__hover_enabled=\u00a0\u00bboff\u00a0\u00bb button_one_border_radius__hover_enabled=\u00a0\u00bboff\u00a0\u00bb button_two_border_radius__hover_enabled=\u00a0\u00bboff\u00a0\u00bb button_one_letter_spacing__hover_enabled=\u00a0\u00bboff\u00a0\u00bb button_two_letter_spacing__hover_enabled=\u00a0\u00bboff\u00a0\u00bb button_one_bg_color__hover_enabled=\u00a0\u00bboff\u00a0\u00bb button_two_bg_color__hover_enabled=\u00a0\u00bboff\u00a0\u00bb][\/et_pb_fullwidth_header][\/et_pb_section][et_pb_section fb_built=\u00a0\u00bb1&Prime; _builder_version=\u00a0\u00bb4.16&Prime; custom_padding=\u00a0\u00bb40.4688px|0px|477px|0px|false|false\u00a0\u00bb global_colors_info=\u00a0\u00bb{}\u00a0\u00bb][et_pb_row _builder_version=\u00a0\u00bb4.16&Prime; background_size=\u00a0\u00bbinitial\u00a0\u00bb background_position=\u00a0\u00bbtop_left\u00a0\u00bb background_repeat=\u00a0\u00bbrepeat\u00a0\u00bb global_colors_info=\u00a0\u00bb{}\u00a0\u00bb column_structure=\u00a0\u00bb1_3,2_3&Prime;][et_pb_column type=\u00a0\u00bb1_3&Prime; _builder_version=\u00a0\u00bb4.16&Prime; custom_padding=\u00a0\u00bb|||\u00a0\u00bb global_colors_info=\u00a0\u00bb{}\u00a0\u00bb custom_padding__hover=\u00a0\u00bb|||\u00a0\u00bb][et_pb_image src=\u00a0\u00bbhttps:\/\/www.koine-aequalitas.org\/wp-content\/uploads\/2018\/09\/shutterstock_565219597.jpg\u00a0\u00bb align_tablet=\u00a0\u00bbcenter\u00a0\u00bb align_last_edited=\u00a0\u00bbon|desktop\u00a0\u00bb _builder_version=\u00a0\u00bb4.16&Prime; global_colors_info=\u00a0\u00bb{}\u00a0\u00bb align_phone=\u00a0\u00bbcenter\u00a0\u00bb][\/et_pb_image][\/et_pb_column][et_pb_column type=\u00a0\u00bb2_3&Prime; _builder_version=\u00a0\u00bb4.16&Prime; custom_padding=\u00a0\u00bb|||\u00a0\u00bb global_colors_info=\u00a0\u00bb{}\u00a0\u00bb custom_padding__hover=\u00a0\u00bb|||\u00a0\u00bb][et_pb_text admin_label=\u00a0\u00bbFines Fundacionales\u00a0\u00bb _builder_version=\u00a0\u00bb4.16&Prime; global_colors_info=\u00a0\u00bb{}\u00a0\u00bb]<\/p>\n<h2>OBJECTIFS FONDAMENTAUX<\/h2>\n<p>Conform\u00e9ment \u00e0 ses statuts, la Fondation KOINE AEQUALITAS a pour objectifs fondamentaux:<\/p>\n<p>Promotion du d\u00e9veloppement social durable.<\/p>\n<ol start=\"2\">\n<li>Promotion de l&rsquo;innovation scientifique et technique dans le domaine de l&rsquo;action sociale.<\/li>\n<li>\u00c9tude, recherche et analyse des diff\u00e9rentes structures d&rsquo;int\u00e9gration et de coh\u00e9sion sociale et des circonstances \u00e9conomiques, sociales, productives, d\u00e9mographiques, etc., qui les influencent.<\/li>\n<li>R\u00e9alisation des actions de coop\u00e9ration contribuant \u00e0 am\u00e9liorer la qualit\u00e9 de vie et le niveau de protection sociale dans les pays en d\u00e9veloppement.<\/li>\n<li>Promotion de la qualit\u00e9 de la vie, de l&rsquo;\u00e9galit\u00e9 des chances et de la citoyennet\u00e9 active des personnes et des groupes en situation de risque de discrimination ou d&rsquo;exclusion sociale. Ainsi, parmi elles, les personnes en situation de handicap, les personnes en situation de d\u00e9pendance, les personnes \u00e2g\u00e9es, les personnes en situation d&rsquo;immigration, les personnes atteintes de maladie mentale, l&rsquo;enfance, les jeunes, les familles. De m\u00eame, tout autre groupe qui, en raison d&rsquo;une condition ou circonstance personnelle ou sociale (naissance, race, sexe, religion, opinion, etc.) se retrouve dans une situation ou risque de faire l&rsquo;objet de discrimination ou d&rsquo;exclusion sociale.<\/li>\n<li>D\u00e9veloppement d&rsquo;activit\u00e9s de recherche favorisant la qualit\u00e9 de vie, l&rsquo;\u00e9galit\u00e9 des chances et la citoyennet\u00e9 active de ces groupes dans des situations de discrimination ou de risque d&rsquo;exclusion sociale.<\/li>\n<li>Formation professionnelle, placement et cr\u00e9ation d&#8217;emplois pour les personnes en situation de handicap, par le biais d&rsquo;actions d&rsquo;information et d&rsquo;orientation professionnelle, d&rsquo;accompagnement et de pratiques autres que de travail, de motivation, de conseils et de suivi personnalis\u00e9s, d&rsquo;interm\u00e9diation professionnelle, de la prospection du march\u00e9 du travail, de la r\u00e9affectation des travailleurs exc\u00e9dentaires immerg\u00e9s dans les processus de restructuration des entreprises et la s\u00e9lection du personnel, qui leur permettent de cr\u00e9er des emplois et, enfin, de les int\u00e9grer sur le march\u00e9 du travaiL.<\/li>\n<\/ol>\n<p>[\/et_pb_text][\/et_pb_column][\/et_pb_row][et_pb_row _builder_version=\u00a0\u00bb4.16&Prime; background_size=\u00a0\u00bbinitial\u00a0\u00bb background_position=\u00a0\u00bbtop_left\u00a0\u00bb background_repeat=\u00a0\u00bbrepeat\u00a0\u00bb global_colors_info=\u00a0\u00bb{}\u00a0\u00bb column_structure=\u00a0\u00bb2_3,1_3&Prime;][et_pb_column type=\u00a0\u00bb2_3&Prime; _builder_version=\u00a0\u00bb4.16&Prime; custom_padding=\u00a0\u00bb|||\u00a0\u00bb global_colors_info=\u00a0\u00bb{}\u00a0\u00bb custom_padding__hover=\u00a0\u00bb|||\u00a0\u00bb][et_pb_text admin_label=\u00a0\u00bbActividades Fundacionales\u00a0\u00bb _builder_version=\u00a0\u00bb4.16&Prime; global_colors_info=\u00a0\u00bb{}\u00a0\u00bb]<\/p>\n<h2>ACTIVIT\u00c9S FONDAMENTALES<\/h2>\n<p>Conform\u00e9ment \u00e0 ses statuts, les activit\u00e9s que la Fondation peut mener \u00e0 bien pour atteindre ses objectifs fondamentaux sont les suivantes:<\/p>\n<p><span style=\"font-size: 16px;\">La Fondation KOINE AEQUALITAS est libre de projeter ses actions dans le sens d&rsquo;activit\u00e9s et d&rsquo;objectifs qui, de l&rsquo;avis du Conseil, conviennent le mieux \u00e0 ses objectifs et toujours en conformit\u00e9 avec eux, parmi lesquels:<\/span><\/p>\n<ol>\n<li>Diagnostic des probl\u00e8mes existants dans diff\u00e9rents domaines g\u00e9ographiques et sociaux.<\/li>\n<li>D\u00e9veloppement de programmes d&rsquo;am\u00e9lioration de la qualit\u00e9 des services visant \u00e0 satisfaire l&rsquo;int\u00e9r\u00eat g\u00e9n\u00e9<\/li>\n<li>Recherche et d\u00e9veloppement de ressources visant \u00e0 am\u00e9liorer et \u00e0 promouvoir les groupes sociaux particuli\u00e8rement vuln\u00e9<\/li>\n<li>Conception et gestion de programmes, d&rsquo;\u00e9quipements, de services et de ressources d&rsquo;intervention sur la r\u00e9alit\u00e9 sociale et la promotion du d\u00e9veloppement, de l&rsquo;int\u00e9gration, de la coh\u00e9sion et du bien-\u00eatre social.<\/li>\n<li>Conseils aux diff\u00e9rentes administrations et agents sociaux dans l&rsquo;\u00e9tablissement de buts, objectifs, strat\u00e9gies et instruments en mati\u00e8re d&rsquo;action sociale.<\/li>\n<li>Formation, promotion, accompagnement complet et conseil des professionnels charg\u00e9s de l&rsquo;intervention sur les diff\u00e9rentes r\u00e9alit\u00e9s sociales.<\/li>\n<li>Promotion et diffusion d&rsquo;activit\u00e9s d&rsquo;enseignement, d&rsquo;\u00e9tudes et de recherches dans des domaines d&rsquo;int\u00e9r\u00eat social.<\/li>\n<li>Information et prise de conscience de la soci\u00e9t\u00e9 sur les situations de besoin ou de d\u00e9pendance physique, mentale, \u00e9conomique et sociale, afin de cr\u00e9er un courant d&rsquo;opinion propice \u00e0 une int\u00e9gration totale et \u00e0 une meilleure prise en charge des personnes les plus d\u00e9favoris\u00e9<\/li>\n<li>Promouvoir et\/ou participer \u00e0 la constitution de soci\u00e9t\u00e9s d&rsquo;insertion sociale pour la cr\u00e9ation d&#8217;emplois pour le d\u00e9veloppement, l&rsquo;int\u00e9gration des personnes particuli\u00e8rement d\u00e9favoris\u00e9.<\/li>\n<li>En g\u00e9n\u00e9ral, d&rsquo;autres activit\u00e9s sont consid\u00e9r\u00e9es comme appropri\u00e9es pour la d\u00e9fense, la promotion et l&rsquo;approfondissement des principes directeurs de la politique sociale contenus dans les normes de base nationales et europ\u00e9ennes.<\/li>\n<\/ol>\n<p>[\/et_pb_text][\/et_pb_column][et_pb_column type=\u00a0\u00bb1_3&Prime; _builder_version=\u00a0\u00bb4.16&Prime; custom_padding=\u00a0\u00bb|||\u00a0\u00bb global_colors_info=\u00a0\u00bb{}\u00a0\u00bb custom_padding__hover=\u00a0\u00bb|||\u00a0\u00bb][et_pb_image src=\u00a0\u00bbhttps:\/\/www.koine-aequalitas.org\/wp-content\/uploads\/2018\/09\/shutterstock_1054646651.jpg\u00a0\u00bb align_tablet=\u00a0\u00bbcenter\u00a0\u00bb align_last_edited=\u00a0\u00bbon|desktop\u00a0\u00bb _builder_version=\u00a0\u00bb4.16&Prime; global_colors_info=\u00a0\u00bb{}\u00a0\u00bb align_phone=\u00a0\u00bbcenter\u00a0\u00bb][\/et_pb_image][\/et_pb_column][\/et_pb_row][et_pb_row module_class=\u00a0\u00bb et_pb_row_fullwidth\u00a0\u00bb _builder_version=\u00a0\u00bb4.16&Prime; width=\u00a0\u00bb89%\u00a0\u00bb width_tablet=\u00a0\u00bb80%\u00a0\u00bb width_last_edited=\u00a0\u00bbon|desktop\u00a0\u00bb max_width=\u00a0\u00bb89%\u00a0\u00bb max_width_tablet=\u00a0\u00bb80%\u00a0\u00bb max_width_last_edited=\u00a0\u00bbon|desktop\u00a0\u00bb make_fullwidth=\u00a0\u00bbon\u00a0\u00bb global_colors_info=\u00a0\u00bb{}\u00a0\u00bb width_phone=\u00a0\u00bb80%\u00a0\u00bb max_width_phone=\u00a0\u00bb80%\u00a0\u00bb][et_pb_column type=\u00a0\u00bb4_4&Prime; _builder_version=\u00a0\u00bb4.16&Prime; custom_padding=\u00a0\u00bb|||\u00a0\u00bb global_colors_info=\u00a0\u00bb{}\u00a0\u00bb custom_padding__hover=\u00a0\u00bb|||\u00a0\u00bb][et_pb_code _builder_version=\u00a0\u00bb4.24.0&Prime; hover_enabled=\u00a0\u00bb0&Prime; global_colors_info=\u00a0\u00bb{}\u00a0\u00bb sticky_enabled=\u00a0\u00bb0&Prime;]<object style=\"width:1200px;height:400px;border:1px solid black;\" data=\"https:\/\/www.koine-aequalitas.org\/wp-content\/uploads\/2024\/06\/CCAA_2023_FKoine.pdf\" type=\"application\/pdf\"><!-- [et_pb_line_break_holder] --><embed src=\"https:\/\/www.koine-aequalitas.org\/wp-content\/uploads\/2024\/06\/CCAA_2023_FKoine.pdf\" type=\"application\/pdf\" \/><!-- [et_pb_line_break_holder] --><\/object>[\/et_pb_code][\/et_pb_column][\/et_pb_row][\/et_pb_section]<\/p>\n","protected":false},"excerpt":{"rendered":"<p>OBJECTIFS FONDAMENTAUX Conform\u00e9ment \u00e0 ses statuts, la Fondation KOINE AEQUALITAS a pour objectifs fondamentaux: Promotion du d\u00e9veloppement social durable. Promotion de l&rsquo;innovation scientifique et technique dans le domaine de l&rsquo;action sociale. \u00c9tude, recherche et analyse des diff\u00e9rentes structures d&rsquo;int\u00e9gration et de coh\u00e9sion sociale et des circonstances \u00e9conomiques, sociales, productives, d\u00e9mographiques, etc., qui les influencent. R\u00e9alisation [&hellip;]<\/p>\n","protected":false},"author":1,"featured_media":0,"parent":354,"menu_order":0,"comment_status":"closed","ping_status":"closed","template":"","meta":{"_et_pb_use_builder":"on","_et_pb_old_content":"","_et_gb_content_width":"","footnotes":""},"class_list":["post-365","page","type-page","status-publish","hentry"],"yoast_head":"<!-- This site is optimized with the Yoast SEO plugin v27.6 - https:\/\/yoast.com\/product\/yoast-seo-wordpress\/ -->\n<title>Objectifs et activit\u00e9s fondamentaux - Koine<\/title>\n<meta name=\"robots\" content=\"index, follow, max-snippet:-1, max-image-preview:large, max-video-preview:-1\" \/>\n<link rel=\"canonical\" href=\"https:\/\/www.koine-aequalitas.org\/fr\/conocenos\/objectifs-et-activites-fondamentaux\/\" \/>\n<meta property=\"og:locale\" content=\"fr_FR\" \/>\n<meta property=\"og:type\" content=\"article\" \/>\n<meta property=\"og:title\" content=\"Objectifs et activit\u00e9s fondamentaux - Koine\" \/>\n<meta property=\"og:description\" content=\"OBJECTIFS FONDAMENTAUX Conform\u00e9ment \u00e0 ses statuts, la Fondation KOINE AEQUALITAS a pour objectifs fondamentaux: Promotion du d\u00e9veloppement social durable. Promotion de l&#039;innovation scientifique et technique dans le domaine de l&#039;action sociale. \u00c9tude, recherche et analyse des diff\u00e9rentes structures d&#039;int\u00e9gration et de coh\u00e9sion sociale et des circonstances \u00e9conomiques, sociales, productives, d\u00e9mographiques, etc., qui les influencent. R\u00e9alisation [&hellip;]\" \/>\n<meta property=\"og:url\" content=\"https:\/\/www.koine-aequalitas.org\/fr\/conocenos\/objectifs-et-activites-fondamentaux\/\" \/>\n<meta property=\"og:site_name\" content=\"Koine\" \/>\n<meta property=\"article:modified_time\" content=\"2024-08-09T10:29:59+00:00\" \/>\n<meta name=\"twitter:card\" content=\"summary_large_image\" \/>\n<meta name=\"twitter:label1\" content=\"Dur\u00e9e de lecture estim\u00e9e\" \/>\n\t<meta name=\"twitter:data1\" content=\"3 minutes\" \/>\n<script type=\"application\/ld+json\" class=\"yoast-schema-graph\">{\"@context\":\"https:\\\/\\\/schema.org\",\"@graph\":[{\"@type\":\"WebPage\",\"@id\":\"https:\\\/\\\/www.koine-aequalitas.org\\\/fr\\\/conocenos\\\/objectifs-et-activites-fondamentaux\\\/\",\"url\":\"https:\\\/\\\/www.koine-aequalitas.org\\\/fr\\\/conocenos\\\/objectifs-et-activites-fondamentaux\\\/\",\"name\":\"Objectifs et activit\u00e9s fondamentaux - Koine\",\"isPartOf\":{\"@id\":\"https:\\\/\\\/www.koine-aequalitas.org\\\/#website\"},\"datePublished\":\"2018-10-17T18:10:42+00:00\",\"dateModified\":\"2024-08-09T10:29:59+00:00\",\"breadcrumb\":{\"@id\":\"https:\\\/\\\/www.koine-aequalitas.org\\\/fr\\\/conocenos\\\/objectifs-et-activites-fondamentaux\\\/#breadcrumb\"},\"inLanguage\":\"fr-FR\",\"potentialAction\":[{\"@type\":\"ReadAction\",\"target\":[\"https:\\\/\\\/www.koine-aequalitas.org\\\/fr\\\/conocenos\\\/objectifs-et-activites-fondamentaux\\\/\"]}]},{\"@type\":\"BreadcrumbList\",\"@id\":\"https:\\\/\\\/www.koine-aequalitas.org\\\/fr\\\/conocenos\\\/objectifs-et-activites-fondamentaux\\\/#breadcrumb\",\"itemListElement\":[{\"@type\":\"ListItem\",\"position\":1,\"name\":\"Portada\",\"item\":\"https:\\\/\\\/www.koine-aequalitas.org\\\/fr\\\/\"},{\"@type\":\"ListItem\",\"position\":2,\"name\":\"Con\u00f3cenos\",\"item\":\"https:\\\/\\\/www.koine-aequalitas.org\\\/conocenos\\\/\"},{\"@type\":\"ListItem\",\"position\":3,\"name\":\"Objectifs et activit\u00e9s fondamentaux\"}]},{\"@type\":\"WebSite\",\"@id\":\"https:\\\/\\\/www.koine-aequalitas.org\\\/#website\",\"url\":\"https:\\\/\\\/www.koine-aequalitas.org\\\/\",\"name\":\"Koine\",\"description\":\"Fundaci\u00f3n para la promoci\u00b4no de derechos de las personas con discapacidad y\\\/o riesgo de exclusi\u00f3n social\",\"potentialAction\":[{\"@type\":\"SearchAction\",\"target\":{\"@type\":\"EntryPoint\",\"urlTemplate\":\"https:\\\/\\\/www.koine-aequalitas.org\\\/?s={search_term_string}\"},\"query-input\":{\"@type\":\"PropertyValueSpecification\",\"valueRequired\":true,\"valueName\":\"search_term_string\"}}],\"inLanguage\":\"fr-FR\"}]}<\/script>\n<!-- \/ Yoast SEO plugin. -->","yoast_head_json":{"title":"Objectifs et activit\u00e9s fondamentaux - Koine","robots":{"index":"index","follow":"follow","max-snippet":"max-snippet:-1","max-image-preview":"max-image-preview:large","max-video-preview":"max-video-preview:-1"},"canonical":"https:\/\/www.koine-aequalitas.org\/fr\/conocenos\/objectifs-et-activites-fondamentaux\/","og_locale":"fr_FR","og_type":"article","og_title":"Objectifs et activit\u00e9s fondamentaux - Koine","og_description":"OBJECTIFS FONDAMENTAUX Conform\u00e9ment \u00e0 ses statuts, la Fondation KOINE AEQUALITAS a pour objectifs fondamentaux: Promotion du d\u00e9veloppement social durable. Promotion de l'innovation scientifique et technique dans le domaine de l'action sociale. \u00c9tude, recherche et analyse des diff\u00e9rentes structures d'int\u00e9gration et de coh\u00e9sion sociale et des circonstances \u00e9conomiques, sociales, productives, d\u00e9mographiques, etc., qui les influencent. R\u00e9alisation [&hellip;]","og_url":"https:\/\/www.koine-aequalitas.org\/fr\/conocenos\/objectifs-et-activites-fondamentaux\/","og_site_name":"Koine","article_modified_time":"2024-08-09T10:29:59+00:00","twitter_card":"summary_large_image","twitter_misc":{"Dur\u00e9e de lecture estim\u00e9e":"3 minutes"},"schema":{"@context":"https:\/\/schema.org","@graph":[{"@type":"WebPage","@id":"https:\/\/www.koine-aequalitas.org\/fr\/conocenos\/objectifs-et-activites-fondamentaux\/","url":"https:\/\/www.koine-aequalitas.org\/fr\/conocenos\/objectifs-et-activites-fondamentaux\/","name":"Objectifs et activit\u00e9s fondamentaux - Koine","isPartOf":{"@id":"https:\/\/www.koine-aequalitas.org\/#website"},"datePublished":"2018-10-17T18:10:42+00:00","dateModified":"2024-08-09T10:29:59+00:00","breadcrumb":{"@id":"https:\/\/www.koine-aequalitas.org\/fr\/conocenos\/objectifs-et-activites-fondamentaux\/#breadcrumb"},"inLanguage":"fr-FR","potentialAction":[{"@type":"ReadAction","target":["https:\/\/www.koine-aequalitas.org\/fr\/conocenos\/objectifs-et-activites-fondamentaux\/"]}]},{"@type":"BreadcrumbList","@id":"https:\/\/www.koine-aequalitas.org\/fr\/conocenos\/objectifs-et-activites-fondamentaux\/#breadcrumb","itemListElement":[{"@type":"ListItem","position":1,"name":"Portada","item":"https:\/\/www.koine-aequalitas.org\/fr\/"},{"@type":"ListItem","position":2,"name":"Con\u00f3cenos","item":"https:\/\/www.koine-aequalitas.org\/conocenos\/"},{"@type":"ListItem","position":3,"name":"Objectifs et activit\u00e9s fondamentaux"}]},{"@type":"WebSite","@id":"https:\/\/www.koine-aequalitas.org\/#website","url":"https:\/\/www.koine-aequalitas.org\/","name":"Koine","description":"Fundaci\u00f3n para la promoci\u00b4no de derechos de las personas con discapacidad y\/o riesgo de exclusi\u00f3n social","potentialAction":[{"@type":"SearchAction","target":{"@type":"EntryPoint","urlTemplate":"https:\/\/www.koine-aequalitas.org\/?s={search_term_string}"},"query-input":{"@type":"PropertyValueSpecification","valueRequired":true,"valueName":"search_term_string"}}],"inLanguage":"fr-FR"}]}},"_links":{"self":[{"href":"https:\/\/www.koine-aequalitas.org\/fr\/wp-json\/wp\/v2\/pages\/365","targetHints":{"allow":["GET"]}}],"collection":[{"href":"https:\/\/www.koine-aequalitas.org\/fr\/wp-json\/wp\/v2\/pages"}],"about":[{"href":"https:\/\/www.koine-aequalitas.org\/fr\/wp-json\/wp\/v2\/types\/page"}],"author":[{"embeddable":true,"href":"https:\/\/www.koine-aequalitas.org\/fr\/wp-json\/wp\/v2\/users\/1"}],"replies":[{"embeddable":true,"href":"https:\/\/www.koine-aequalitas.org\/fr\/wp-json\/wp\/v2\/comments?post=365"}],"version-history":[{"count":8,"href":"https:\/\/www.koine-aequalitas.org\/fr\/wp-json\/wp\/v2\/pages\/365\/revisions"}],"predecessor-version":[{"id":2918,"href":"https:\/\/www.koine-aequalitas.org\/fr\/wp-json\/wp\/v2\/pages\/365\/revisions\/2918"}],"up":[{"embeddable":true,"href":"https:\/\/www.koine-aequalitas.org\/fr\/wp-json\/wp\/v2\/pages\/354"}],"wp:attachment":[{"href":"https:\/\/www.koine-aequalitas.org\/fr\/wp-json\/wp\/v2\/media?parent=365"}],"curies":[{"name":"wp","href":"https:\/\/api.w.org\/{rel}","templated":true}]}}