{"id":337,"date":"2018-07-30T18:27:35","date_gmt":"2018-07-30T18:27:35","guid":{"rendered":"https:\/\/www.koine-aequalitas.org\/agencia-de-colocacion\/"},"modified":"2025-04-30T10:39:49","modified_gmt":"2025-04-30T10:39:49","slug":"agencia-de-colocacion","status":"publish","type":"page","link":"https:\/\/www.koine-aequalitas.org\/fr\/agencia-de-colocacion\/","title":{"rendered":"Agencia de Colocaci\u00f3n"},"content":{"rendered":"<p>[et_pb_section fb_built=\u00a0\u00bb1&Prime; fullwidth=\u00a0\u00bbon\u00a0\u00bb _builder_version=\u00a0\u00bb4.16&Prime; global_colors_info=\u00a0\u00bb{}\u00a0\u00bb][et_pb_fullwidth_header title=\u00a0\u00bbAgence de placement\u00a0\u00bb text_orientation=\u00a0\u00bbcenter\u00a0\u00bb _builder_version=\u00a0\u00bb4.27.2&Prime; custom_padding=\u00a0\u00bb1em||1em|\u00a0\u00bb text_shadow_style=\u00a0\u00bbpreset1&Prime; global_colors_info=\u00a0\u00bb{}\u00a0\u00bb button_one_text_size__hover_enabled=\u00a0\u00bboff\u00a0\u00bb button_two_text_size__hover_enabled=\u00a0\u00bboff\u00a0\u00bb button_one_text_color__hover_enabled=\u00a0\u00bboff\u00a0\u00bb button_two_text_color__hover_enabled=\u00a0\u00bboff\u00a0\u00bb button_one_border_width__hover_enabled=\u00a0\u00bboff\u00a0\u00bb button_two_border_width__hover_enabled=\u00a0\u00bboff\u00a0\u00bb button_one_border_color__hover_enabled=\u00a0\u00bboff\u00a0\u00bb button_two_border_color__hover_enabled=\u00a0\u00bboff\u00a0\u00bb button_one_border_radius__hover_enabled=\u00a0\u00bboff\u00a0\u00bb button_two_border_radius__hover_enabled=\u00a0\u00bboff\u00a0\u00bb button_one_letter_spacing__hover_enabled=\u00a0\u00bboff\u00a0\u00bb button_two_letter_spacing__hover_enabled=\u00a0\u00bboff\u00a0\u00bb button_one_bg_color__hover_enabled=\u00a0\u00bboff\u00a0\u00bb button_two_bg_color__hover_enabled=\u00a0\u00bboff\u00a0\u00bb][\/et_pb_fullwidth_header][\/et_pb_section][et_pb_section fb_built=\u00a0\u00bb1&Prime; _builder_version=\u00a0\u00bb4.16&Prime; global_colors_info=\u00a0\u00bb{}\u00a0\u00bb][et_pb_row column_structure=\u00a0\u00bb1_2,1_2&Prime; _builder_version=\u00a0\u00bb4.16&Prime; background_size=\u00a0\u00bbinitial\u00a0\u00bb background_position=\u00a0\u00bbtop_left\u00a0\u00bb background_repeat=\u00a0\u00bbrepeat\u00a0\u00bb global_colors_info=\u00a0\u00bb{}\u00a0\u00bb][et_pb_column type=\u00a0\u00bb1_2&Prime; _builder_version=\u00a0\u00bb4.16&Prime; custom_padding=\u00a0\u00bb|||\u00a0\u00bb global_colors_info=\u00a0\u00bb{}\u00a0\u00bb custom_padding__hover=\u00a0\u00bb|||\u00a0\u00bb][et_pb_text admin_label=\u00a0\u00bbAgencia de Colocaci\u00f3n\u00a0\u00bb _builder_version=\u00a0\u00bb4.27.2&Prime; global_colors_info=\u00a0\u00bb{}\u00a0\u00bb]<\/p>\n<h3>Agence de placement<\/h3>\n<p>Depuis 2013, la <strong>Fondation KOINE AEQUALITAS<\/strong> est une Agence pour l&rsquo;Emploi agr\u00e9\u00e9e par le Service Public de l&rsquo;Emploi de l&rsquo;\u00c9tat (SEPE), sous le num\u00e9ro 9900000247.<\/p>\n<p>C&rsquo;est \u00e9galement une entit\u00e9 collaboratrice dans les programmes d&rsquo;orientation du SEPE.<\/p>\n<p>Notre service vise \u00e0 fournir aux travailleurs des emplois adapt\u00e9s \u00e0 leurs caract\u00e9ristiques et \u00e0 fournir aux employeurs les travailleurs les plus appropri\u00e9s \u00e0 leurs exigences et besoins.<\/p>\n<p>Les activit\u00e9s d&rsquo;interm\u00e9diation men\u00e9es par l&rsquo;Agence pour l&#8217;emploi s&rsquo;adressent \u00e0 tous les travailleurs qui en font la demande.<\/p>\n<p>[\/et_pb_text][\/et_pb_column][et_pb_column type=\u00a0\u00bb1_2&Prime; _builder_version=\u00a0\u00bb4.16&Prime; custom_padding=\u00a0\u00bb|||\u00a0\u00bb global_colors_info=\u00a0\u00bb{}\u00a0\u00bb custom_padding__hover=\u00a0\u00bb|||\u00a0\u00bb][et_pb_image src=\u00a0\u00bbhttps:\/\/www.koine-aequalitas.org\/wp-content\/uploads\/2018\/10\/logo-sepe.png\u00a0\u00bb align_tablet=\u00a0\u00bbcenter\u00a0\u00bb align_phone=\u00a0\u00bbcenter\u00a0\u00bb align_last_edited=\u00a0\u00bbon|desktop\u00a0\u00bb _builder_version=\u00a0\u00bb4.16&Prime; global_colors_info=\u00a0\u00bb{}\u00a0\u00bb][\/et_pb_image][\/et_pb_column][\/et_pb_row][\/et_pb_section][et_pb_section fb_built=\u00a0\u00bb1&Prime; _builder_version=\u00a0\u00bb4.16&Prime; background_color=\u00a0\u00bb#fafafa\u00a0\u00bb global_colors_info=\u00a0\u00bb{}\u00a0\u00bb][et_pb_row column_structure=\u00a0\u00bb1_2,1_2&Prime; _builder_version=\u00a0\u00bb4.16&Prime; background_size=\u00a0\u00bbinitial\u00a0\u00bb background_position=\u00a0\u00bbtop_left\u00a0\u00bb background_repeat=\u00a0\u00bbrepeat\u00a0\u00bb global_colors_info=\u00a0\u00bb{}\u00a0\u00bb][et_pb_column type=\u00a0\u00bb1_2&Prime; _builder_version=\u00a0\u00bb4.16&Prime; custom_padding=\u00a0\u00bb|||\u00a0\u00bb global_colors_info=\u00a0\u00bb{}\u00a0\u00bb custom_padding__hover=\u00a0\u00bb|||\u00a0\u00bb][et_pb_image src=\u00a0\u00bbhttps:\/\/www.koine-aequalitas.org\/wp-content\/uploads\/2025\/04\/logo-SNE.jpg\u00a0\u00bb title_text=\u00a0\u00bblogos def\u00a0\u00bb align_tablet=\u00a0\u00bbcenter\u00a0\u00bb align_phone=\u00a0\u00bbcenter\u00a0\u00bb align_last_edited=\u00a0\u00bbon|desktop\u00a0\u00bb _builder_version=\u00a0\u00bb4.27.2&Prime; global_colors_info=\u00a0\u00bb{}\u00a0\u00bb][\/et_pb_image][\/et_pb_column][et_pb_column type=\u00a0\u00bb1_2&Prime; _builder_version=\u00a0\u00bb4.16&Prime; custom_padding=\u00a0\u00bb|||\u00a0\u00bb global_colors_info=\u00a0\u00bb{}\u00a0\u00bb custom_padding__hover=\u00a0\u00bb|||\u00a0\u00bb][et_pb_text admin_label=\u00a0\u00bbOrientaci\u00f3n laboral\u00a0\u00bb _builder_version=\u00a0\u00bb4.27.2&Prime; global_colors_info=\u00a0\u00bb{}\u00a0\u00bb]<\/p>\n<h3>Orientation professionnelle<\/h3>\n<p>La <strong>Fondation KOINE AEQUALITAS<\/strong> propose des services sp\u00e9cifiques aux travailleurs ou aux demandeurs d&#8217;emploi : placement, d\u00e9veloppement professionnel et am\u00e9lioration de l&#8217;employabilit\u00e9.<\/p>\n<p>Nous nous sp\u00e9cialisons dans la prestation de services aux travailleurs handicap\u00e9s ou \u00e0 risque d\u2019exclusion sociale, ainsi que dans l\u2019accompagnement de ceux qui recherchent un d\u00e9veloppement professionnel dans le secteur des services.<\/p>\n<p>La Fondation fournit r\u00e9guli\u00e8rement des services d&rsquo;orientation professionnelle au Service de l&rsquo;Emploi Navarrais-Nafar Lansare.<\/p>\n<p>[\/et_pb_text][\/et_pb_column][\/et_pb_row][\/et_pb_section][et_pb_section fb_built=\u00a0\u00bb1&Prime; _builder_version=\u00a0\u00bb4.16&Prime; global_colors_info=\u00a0\u00bb{}\u00a0\u00bb][et_pb_row column_structure=\u00a0\u00bb1_2,1_2&Prime; _builder_version=\u00a0\u00bb4.16&Prime; background_size=\u00a0\u00bbinitial\u00a0\u00bb background_position=\u00a0\u00bbtop_left\u00a0\u00bb background_repeat=\u00a0\u00bbrepeat\u00a0\u00bb global_colors_info=\u00a0\u00bb{}\u00a0\u00bb][et_pb_column type=\u00a0\u00bb1_2&Prime; _builder_version=\u00a0\u00bb4.16&Prime; custom_padding=\u00a0\u00bb|||\u00a0\u00bb global_colors_info=\u00a0\u00bb{}\u00a0\u00bb custom_padding__hover=\u00a0\u00bb|||\u00a0\u00bb][et_pb_text admin_label=\u00a0\u00bbRecolocaci\u00f3n profesional\u00a0\u00bb _builder_version=\u00a0\u00bb4.27.2&Prime; global_colors_info=\u00a0\u00bb{}\u00a0\u00bb]<\/p>\n<h3>Outplacement professionnel<\/h3>\n<p>Le service d&rsquo;Orientation Professionnelle et de Relocalisation g\u00e9r\u00e9 par la <strong>Fondation KOINE AEQUALITAS<\/strong> consiste \u00e0 fournir un soutien aux entreprises et des conseils aux professionnels qui traversent un processus de r\u00e9organisation, de relocalisation et\/ou de r\u00e9duction de personnel.<\/p>\n<p>Son objectif est d\u2019am\u00e9liorer l\u2019efficacit\u00e9 organisationnelle, de r\u00e9duire les conflits \u00e9motionnels et de guider les individus pour qu\u2019ils puissent mieux exploiter leurs forces en d\u00e9finissant des objectifs et en planifiant leur carri\u00e8re de mani\u00e8re efficace et r\u00e9ussie, le tout dans un environnement en \u00e9volution.<\/p>\n<p>[\/et_pb_text][et_pb_button button_url=\u00a0\u00bb\/recolocacion\/\u00a0\u00bb button_text=\u00a0\u00bbPlus d&rsquo;informations\u00a0\u00bb _builder_version=\u00a0\u00bb4.27.2&Prime; global_colors_info=\u00a0\u00bb{}\u00a0\u00bb button_text_size__hover_enabled=\u00a0\u00bboff\u00a0\u00bb button_one_text_size__hover_enabled=\u00a0\u00bboff\u00a0\u00bb button_two_text_size__hover_enabled=\u00a0\u00bboff\u00a0\u00bb button_text_color__hover_enabled=\u00a0\u00bboff\u00a0\u00bb button_one_text_color__hover_enabled=\u00a0\u00bboff\u00a0\u00bb button_two_text_color__hover_enabled=\u00a0\u00bboff\u00a0\u00bb button_border_width__hover_enabled=\u00a0\u00bboff\u00a0\u00bb button_one_border_width__hover_enabled=\u00a0\u00bboff\u00a0\u00bb button_two_border_width__hover_enabled=\u00a0\u00bboff\u00a0\u00bb button_border_color__hover_enabled=\u00a0\u00bboff\u00a0\u00bb button_one_border_color__hover_enabled=\u00a0\u00bboff\u00a0\u00bb button_two_border_color__hover_enabled=\u00a0\u00bboff\u00a0\u00bb button_border_radius__hover_enabled=\u00a0\u00bboff\u00a0\u00bb button_one_border_radius__hover_enabled=\u00a0\u00bboff\u00a0\u00bb button_two_border_radius__hover_enabled=\u00a0\u00bboff\u00a0\u00bb button_letter_spacing__hover_enabled=\u00a0\u00bboff\u00a0\u00bb button_one_letter_spacing__hover_enabled=\u00a0\u00bboff\u00a0\u00bb button_two_letter_spacing__hover_enabled=\u00a0\u00bboff\u00a0\u00bb button_bg_color__hover_enabled=\u00a0\u00bboff\u00a0\u00bb button_one_bg_color__hover_enabled=\u00a0\u00bboff\u00a0\u00bb button_two_bg_color__hover_enabled=\u00a0\u00bboff\u00a0\u00bb][\/et_pb_button][\/et_pb_column][et_pb_column type=\u00a0\u00bb1_2&Prime; _builder_version=\u00a0\u00bb4.16&Prime; custom_padding=\u00a0\u00bb|||\u00a0\u00bb global_colors_info=\u00a0\u00bb{}\u00a0\u00bb custom_padding__hover=\u00a0\u00bb|||\u00a0\u00bb][et_pb_image src=\u00a0\u00bbhttps:\/\/www.koine-aequalitas.org\/wp-content\/uploads\/2018\/09\/shutterstock_459229504.jpg\u00a0\u00bb url=\u00a0\u00bb\/recolocacion\/\u00a0\u00bb align_tablet=\u00a0\u00bbcenter\u00a0\u00bb align_phone=\u00a0\u00bbcenter\u00a0\u00bb align_last_edited=\u00a0\u00bbon|desktop\u00a0\u00bb _builder_version=\u00a0\u00bb4.16&Prime; global_colors_info=\u00a0\u00bb{}\u00a0\u00bb][\/et_pb_image][\/et_pb_column][\/et_pb_row][\/et_pb_section][et_pb_section fb_built=\u00a0\u00bb1&Prime; _builder_version=\u00a0\u00bb4.16&Prime; global_colors_info=\u00a0\u00bb{}\u00a0\u00bb][et_pb_row _builder_version=\u00a0\u00bb4.16&Prime; background_size=\u00a0\u00bbinitial\u00a0\u00bb background_position=\u00a0\u00bbtop_left\u00a0\u00bb background_repeat=\u00a0\u00bbrepeat\u00a0\u00bb global_colors_info=\u00a0\u00bb{}\u00a0\u00bb][et_pb_column type=\u00a0\u00bb4_4&Prime; _builder_version=\u00a0\u00bb4.16&Prime; custom_padding=\u00a0\u00bb|||\u00a0\u00bb global_colors_info=\u00a0\u00bb{}\u00a0\u00bb custom_padding__hover=\u00a0\u00bb|||\u00a0\u00bb][et_pb_text _builder_version=\u00a0\u00bb4.27.2&Prime; global_colors_info=\u00a0\u00bb{}\u00a0\u00bb]<\/p>\n<h2>Travaux r\u00e9alis\u00e9s<\/h2>\n<p>[\/et_pb_text][et_pb_accordion _builder_version=\u00a0\u00bb4.27.2&Prime; hover_enabled=\u00a0\u00bb0&Prime; global_colors_info=\u00a0\u00bb{}\u00a0\u00bb sticky_enabled=\u00a0\u00bb0&Prime;][et_pb_accordion_item title=\u00a0\u00bbSERVICE DE FORMATION ET D&rsquo;ORIENTATION SOCIO-PROFESSIONNELLE POUR JEUNES EN SITUATION DE HANDICAP\u00a0\u00bb open=\u00a0\u00bbon\u00a0\u00bb _builder_version=\u00a0\u00bb4.27.2&Prime; global_colors_info=\u00a0\u00bb{}\u00a0\u00bb]<\/p>\n<p>La <strong>Fondation KOINE AEQUALITAS<\/strong> a d\u00e9velopp\u00e9 le service de formation et d&rsquo;orientation socioprofessionnelle subventionn\u00e9 par la Mairie de Pampelune pour am\u00e9liorer l&#8217;employabilit\u00e9 des jeunes handicap\u00e9s.<\/p>\n<p>L&rsquo;objectif principal de ce service est de fournir un soutien coordonn\u00e9 et conjoint aux jeunes handicap\u00e9s \u00e0 travers des programmes d&rsquo;int\u00e9gration sociale et professionnelle complets et individualis\u00e9s qui d\u00e9veloppent leurs comp\u00e9tences sociales, professionnelles et communautaires.<\/p>\n<p>[\/et_pb_accordion_item][et_pb_accordion_item title=\u00a0\u00bbACCORD-CADRE D&rsquo;ORIENTATION PROFESSIONNELLE SERVICE EMPLOI DE NAVARRE\u00a0\u00bb _builder_version=\u00a0\u00bb4.27.2&Prime; hover_enabled=\u00a0\u00bb0&Prime; global_colors_info=\u00a0\u00bb{}\u00a0\u00bb open=\u00a0\u00bboff\u00a0\u00bb sticky_enabled=\u00a0\u00bb0&Prime;]<\/p>\n<p>Le service d&rsquo;orientation professionnelle que nous proposons \u00e0 la <strong>Fondation KOINE AEQUALITAS<\/strong> est un service complet qui vise \u00e0 fournir des informations, diagnostiquer la situation individuelle, conseiller, motiver et accompagner dans les transitions professionnelles, que ce soit de l&rsquo;\u00e9ducation au monde du travail ou entre les diff\u00e9rentes situations d&#8217;emploi et de ch\u00f4mage qui peuvent survenir tout au long de la vie professionnelle.<\/p>\n<p>L&rsquo;objectif de ce service est d&rsquo;aider les utilisateurs \u00e0 am\u00e9liorer leur employabilit\u00e9, \u00e0 faire progresser leur carri\u00e8re et \u00e0 faciliter leur embauche ou leur orientation vers le travail ind\u00e9pendant.<\/p>\n<p>[\/et_pb_accordion_item][et_pb_accordion_item title=\u00a0\u00bbJACOBFORMATION\u00a0\u00bb _builder_version=\u00a0\u00bb4.27.2&Prime; hover_enabled=\u00a0\u00bb0&Prime; global_colors_info=\u00a0\u00bb{}\u00a0\u00bb open=\u00a0\u00bboff\u00a0\u00bb sticky_enabled=\u00a0\u00bb0&Prime;]<\/p>\n<p>L&rsquo;objectif principal du projet JACOBFORMACI\u00d3N est de fournir un soutien coordonn\u00e9 et collaboratif aux jeunes handicap\u00e9s \u00e0 travers des programmes d&rsquo;int\u00e9gration sociale et professionnelle complets et individualis\u00e9s qui d\u00e9veloppent leurs comp\u00e9tences sociales, professionnelles et communautaires dans la promotion culturelle et touristique du Chemin de Saint-Jacques, avec des r\u00e9sultats mesurables.<\/p>\n<p>[\/et_pb_accordion_item][et_pb_accordion_item title=\u00a0\u00bbPLAN D&rsquo;AM\u00c9LIORATION DE L&rsquo;EMPLOYABILIT\u00c9 DES PERSONNES HANDICAP\u00c9ES SERVICE DE L&rsquo;EMPLOI DE NAVARRE\u00a0\u00bb _builder_version=\u00a0\u00bb4.27.2&Prime; hover_enabled=\u00a0\u00bb0&Prime; global_colors_info=\u00a0\u00bb{}\u00a0\u00bb open=\u00a0\u00bboff\u00a0\u00bb sticky_enabled=\u00a0\u00bb0&Prime;]<\/p>\n<p>Le Plan d&rsquo;Employabilit\u00e9 a pour objectif de servir de plateforme de coordination et d&rsquo;unification des actions de formation professionnelle et d&#8217;emploi men\u00e9es par les principaux acteurs sociaux impliqu\u00e9s dans ces domaines (institutions publiques, organisations patronales et syndicales, associations repr\u00e9sentatives des personnes handicap\u00e9es) afin de favoriser l&rsquo;\u00e9galit\u00e9 d&rsquo;acc\u00e8s \u00e0 l&#8217;emploi r\u00e9gulier de ces personnes.<\/p>\n<p>[\/et_pb_accordion_item][et_pb_accordion_item title=\u00a0\u00bbITIN\u00c9RAIRES DE PLACEMENT PERSONNALIS\u00c9S SERVICE D&rsquo;EMPLOI DE NAVARRE\u00a0\u00bb _builder_version=\u00a0\u00bb4.27.2&Prime; hover_enabled=\u00a0\u00bb0&Prime; global_colors_info=\u00a0\u00bb{}\u00a0\u00bb open=\u00a0\u00bboff\u00a0\u00bb sticky_enabled=\u00a0\u00bb0&Prime;]<\/p>\n<p>L&rsquo;objectif g\u00e9n\u00e9ral est de faciliter le d\u00e9veloppement professionnel des personnes sans emploi qui participent au service, en explorant toutes les opportunit\u00e9s existantes sur le march\u00e9 du travail et en les soutenant et en les guidant dans leur processus de recherche d&#8217;emploi et d&rsquo;int\u00e9gration dans le secteur social et sanitaire pour les personnes d\u00e9pendantes, \u00e0 la fois \u00e0 domicile et dans les institutions sociales.<\/p>\n<p>[\/et_pb_accordion_item][et_pb_accordion_item title=\u00a0\u00bbPLAN D&rsquo;AM\u00c9LIORATION DE L&rsquo;EMPLOYABILIT\u00c9 ET DE L&rsquo;INT\u00c9GRATION DES DEMANDEURS D&rsquo;EMPLOI DE PLUS DE 45 ANS\u00a0\u00bb _builder_version=\u00a0\u00bb4.27.2&Prime; hover_enabled=\u00a0\u00bb0&Prime; global_colors_info=\u00a0\u00bb{}\u00a0\u00bb open=\u00a0\u00bboff\u00a0\u00bb sticky_enabled=\u00a0\u00bb0&Prime;]<\/p>\n<p>A travers l&rsquo;information professionnelle, l&rsquo;orientation professionnelle, l&rsquo;accompagnement \u00e0 l&rsquo;acc\u00e8s et au maintien dans l&#8217;emploi, le conseil \u00e0 l&#8217;emploi et la formation professionnelle, visant \u00e0 am\u00e9liorer l&#8217;employabilit\u00e9, la r\u00e9adaptation professionnelle et l&rsquo;insertion professionnelle des ch\u00f4meurs de plus de 45 ans. La mission principale de ce service \u00e9tait d&rsquo;am\u00e9liorer l&#8217;employabilit\u00e9 et l&rsquo;insertion professionnelle de 50 personnes de plus de 45 ans, avec comme axe principal l&rsquo;orientation par comp\u00e9tences.<\/p>\n<p>[\/et_pb_accordion_item][\/et_pb_accordion][\/et_pb_column][\/et_pb_row][\/et_pb_section]<\/p>\n","protected":false},"excerpt":{"rendered":"<p>Agence de placement Depuis 2013, la Fondation KOINE AEQUALITAS est une Agence pour l&rsquo;Emploi agr\u00e9\u00e9e par le Service Public de l&rsquo;Emploi de l&rsquo;\u00c9tat (SEPE), sous le num\u00e9ro 9900000247. C&rsquo;est \u00e9galement une entit\u00e9 collaboratrice dans les programmes d&rsquo;orientation du SEPE. Notre service vise \u00e0 fournir aux travailleurs des emplois adapt\u00e9s \u00e0 leurs caract\u00e9ristiques et \u00e0 fournir [&hellip;]<\/p>\n","protected":false},"author":1,"featured_media":0,"parent":0,"menu_order":0,"comment_status":"closed","ping_status":"closed","template":"","meta":{"_et_pb_use_builder":"on","_et_pb_old_content":"","_et_gb_content_width":"","footnotes":""},"class_list":["post-337","page","type-page","status-publish","hentry"],"yoast_head":"<!-- This site is optimized with the Yoast SEO plugin v27.6 - https:\/\/yoast.com\/product\/yoast-seo-wordpress\/ -->\n<title>Agencia de Colocaci\u00f3n - Koine<\/title>\n<meta name=\"robots\" content=\"index, follow, max-snippet:-1, max-image-preview:large, max-video-preview:-1\" \/>\n<link rel=\"canonical\" href=\"https:\/\/www.koine-aequalitas.org\/fr\/agencia-de-colocacion\/\" \/>\n<meta property=\"og:locale\" content=\"fr_FR\" \/>\n<meta property=\"og:type\" content=\"article\" \/>\n<meta property=\"og:title\" content=\"Agencia de Colocaci\u00f3n - Koine\" \/>\n<meta property=\"og:description\" content=\"Agence de placement Depuis 2013, la Fondation KOINE AEQUALITAS est une Agence pour l&#039;Emploi agr\u00e9\u00e9e par le Service Public de l&#039;Emploi de l&#039;\u00c9tat (SEPE), sous le num\u00e9ro 9900000247. C&#039;est \u00e9galement une entit\u00e9 collaboratrice dans les programmes d&#039;orientation du SEPE. Notre service vise \u00e0 fournir aux travailleurs des emplois adapt\u00e9s \u00e0 leurs caract\u00e9ristiques et \u00e0 fournir [&hellip;]\" \/>\n<meta property=\"og:url\" content=\"https:\/\/www.koine-aequalitas.org\/fr\/agencia-de-colocacion\/\" \/>\n<meta property=\"og:site_name\" content=\"Koine\" \/>\n<meta property=\"article:modified_time\" content=\"2025-04-30T10:39:49+00:00\" \/>\n<meta name=\"twitter:card\" content=\"summary_large_image\" \/>\n<meta name=\"twitter:label1\" content=\"Dur\u00e9e de lecture estim\u00e9e\" \/>\n\t<meta name=\"twitter:data1\" content=\"4 minutes\" \/>\n<script type=\"application\/ld+json\" class=\"yoast-schema-graph\">{\"@context\":\"https:\\\/\\\/schema.org\",\"@graph\":[{\"@type\":\"WebPage\",\"@id\":\"https:\\\/\\\/www.koine-aequalitas.org\\\/fr\\\/agencia-de-colocacion\\\/\",\"url\":\"https:\\\/\\\/www.koine-aequalitas.org\\\/fr\\\/agencia-de-colocacion\\\/\",\"name\":\"Agencia de Colocaci\u00f3n - Koine\",\"isPartOf\":{\"@id\":\"https:\\\/\\\/www.koine-aequalitas.org\\\/#website\"},\"datePublished\":\"2018-07-30T18:27:35+00:00\",\"dateModified\":\"2025-04-30T10:39:49+00:00\",\"breadcrumb\":{\"@id\":\"https:\\\/\\\/www.koine-aequalitas.org\\\/fr\\\/agencia-de-colocacion\\\/#breadcrumb\"},\"inLanguage\":\"fr-FR\",\"potentialAction\":[{\"@type\":\"ReadAction\",\"target\":[\"https:\\\/\\\/www.koine-aequalitas.org\\\/fr\\\/agencia-de-colocacion\\\/\"]}]},{\"@type\":\"BreadcrumbList\",\"@id\":\"https:\\\/\\\/www.koine-aequalitas.org\\\/fr\\\/agencia-de-colocacion\\\/#breadcrumb\",\"itemListElement\":[{\"@type\":\"ListItem\",\"position\":1,\"name\":\"Portada\",\"item\":\"https:\\\/\\\/www.koine-aequalitas.org\\\/fr\\\/\"},{\"@type\":\"ListItem\",\"position\":2,\"name\":\"Agencia de Colocaci\u00f3n\"}]},{\"@type\":\"WebSite\",\"@id\":\"https:\\\/\\\/www.koine-aequalitas.org\\\/#website\",\"url\":\"https:\\\/\\\/www.koine-aequalitas.org\\\/\",\"name\":\"Koine\",\"description\":\"Fundaci\u00f3n para la promoci\u00b4no de derechos de las personas con discapacidad y\\\/o riesgo de exclusi\u00f3n social\",\"potentialAction\":[{\"@type\":\"SearchAction\",\"target\":{\"@type\":\"EntryPoint\",\"urlTemplate\":\"https:\\\/\\\/www.koine-aequalitas.org\\\/?s={search_term_string}\"},\"query-input\":{\"@type\":\"PropertyValueSpecification\",\"valueRequired\":true,\"valueName\":\"search_term_string\"}}],\"inLanguage\":\"fr-FR\"}]}<\/script>\n<!-- \/ Yoast SEO plugin. -->","yoast_head_json":{"title":"Agencia de Colocaci\u00f3n - Koine","robots":{"index":"index","follow":"follow","max-snippet":"max-snippet:-1","max-image-preview":"max-image-preview:large","max-video-preview":"max-video-preview:-1"},"canonical":"https:\/\/www.koine-aequalitas.org\/fr\/agencia-de-colocacion\/","og_locale":"fr_FR","og_type":"article","og_title":"Agencia de Colocaci\u00f3n - Koine","og_description":"Agence de placement Depuis 2013, la Fondation KOINE AEQUALITAS est une Agence pour l'Emploi agr\u00e9\u00e9e par le Service Public de l'Emploi de l'\u00c9tat (SEPE), sous le num\u00e9ro 9900000247. C'est \u00e9galement une entit\u00e9 collaboratrice dans les programmes d'orientation du SEPE. Notre service vise \u00e0 fournir aux travailleurs des emplois adapt\u00e9s \u00e0 leurs caract\u00e9ristiques et \u00e0 fournir [&hellip;]","og_url":"https:\/\/www.koine-aequalitas.org\/fr\/agencia-de-colocacion\/","og_site_name":"Koine","article_modified_time":"2025-04-30T10:39:49+00:00","twitter_card":"summary_large_image","twitter_misc":{"Dur\u00e9e de lecture estim\u00e9e":"4 minutes"},"schema":{"@context":"https:\/\/schema.org","@graph":[{"@type":"WebPage","@id":"https:\/\/www.koine-aequalitas.org\/fr\/agencia-de-colocacion\/","url":"https:\/\/www.koine-aequalitas.org\/fr\/agencia-de-colocacion\/","name":"Agencia de Colocaci\u00f3n - Koine","isPartOf":{"@id":"https:\/\/www.koine-aequalitas.org\/#website"},"datePublished":"2018-07-30T18:27:35+00:00","dateModified":"2025-04-30T10:39:49+00:00","breadcrumb":{"@id":"https:\/\/www.koine-aequalitas.org\/fr\/agencia-de-colocacion\/#breadcrumb"},"inLanguage":"fr-FR","potentialAction":[{"@type":"ReadAction","target":["https:\/\/www.koine-aequalitas.org\/fr\/agencia-de-colocacion\/"]}]},{"@type":"BreadcrumbList","@id":"https:\/\/www.koine-aequalitas.org\/fr\/agencia-de-colocacion\/#breadcrumb","itemListElement":[{"@type":"ListItem","position":1,"name":"Portada","item":"https:\/\/www.koine-aequalitas.org\/fr\/"},{"@type":"ListItem","position":2,"name":"Agencia de Colocaci\u00f3n"}]},{"@type":"WebSite","@id":"https:\/\/www.koine-aequalitas.org\/#website","url":"https:\/\/www.koine-aequalitas.org\/","name":"Koine","description":"Fundaci\u00f3n para la promoci\u00b4no de derechos de las personas con discapacidad y\/o riesgo de exclusi\u00f3n social","potentialAction":[{"@type":"SearchAction","target":{"@type":"EntryPoint","urlTemplate":"https:\/\/www.koine-aequalitas.org\/?s={search_term_string}"},"query-input":{"@type":"PropertyValueSpecification","valueRequired":true,"valueName":"search_term_string"}}],"inLanguage":"fr-FR"}]}},"_links":{"self":[{"href":"https:\/\/www.koine-aequalitas.org\/fr\/wp-json\/wp\/v2\/pages\/337","targetHints":{"allow":["GET"]}}],"collection":[{"href":"https:\/\/www.koine-aequalitas.org\/fr\/wp-json\/wp\/v2\/pages"}],"about":[{"href":"https:\/\/www.koine-aequalitas.org\/fr\/wp-json\/wp\/v2\/types\/page"}],"author":[{"embeddable":true,"href":"https:\/\/www.koine-aequalitas.org\/fr\/wp-json\/wp\/v2\/users\/1"}],"replies":[{"embeddable":true,"href":"https:\/\/www.koine-aequalitas.org\/fr\/wp-json\/wp\/v2\/comments?post=337"}],"version-history":[{"count":8,"href":"https:\/\/www.koine-aequalitas.org\/fr\/wp-json\/wp\/v2\/pages\/337\/revisions"}],"predecessor-version":[{"id":3648,"href":"https:\/\/www.koine-aequalitas.org\/fr\/wp-json\/wp\/v2\/pages\/337\/revisions\/3648"}],"wp:attachment":[{"href":"https:\/\/www.koine-aequalitas.org\/fr\/wp-json\/wp\/v2\/media?parent=337"}],"curies":[{"name":"wp","href":"https:\/\/api.w.org\/{rel}","templated":true}]}}