{"id":3127,"date":"2024-09-11T14:58:16","date_gmt":"2024-09-11T14:58:16","guid":{"rendered":"https:\/\/www.koine-aequalitas.org\/?page_id=3127"},"modified":"2025-04-11T10:24:58","modified_gmt":"2025-04-11T10:24:58","slug":"birpopulaketa","status":"publish","type":"page","link":"https:\/\/www.koine-aequalitas.org\/eu\/birpopulaketa\/","title":{"rendered":"Birpopulaketa"},"content":{"rendered":"<p>[et_pb_section fb_built=&#8221;1&#8243; fullwidth=&#8221;on&#8221; _builder_version=&#8221;4.16&#8243; global_colors_info=&#8221;{}&#8221;][et_pb_fullwidth_header title=&#8221;REVITAS &#8211; Birpopulaketa Zerbitzu Integrala&#8221; text_orientation=&#8221;center&#8221; admin_label=&#8221;T\u00edtulo de anchura completa&#8221; _builder_version=&#8221;4.27.0&#8243; custom_margin=&#8221;||&#8221; custom_padding=&#8221;0em||0em|&#8221; global_colors_info=&#8221;{}&#8221; button_one_text_size__hover_enabled=&#8221;off&#8221; button_two_text_size__hover_enabled=&#8221;off&#8221; button_one_text_color__hover_enabled=&#8221;off&#8221; button_two_text_color__hover_enabled=&#8221;off&#8221; button_one_border_width__hover_enabled=&#8221;off&#8221; button_two_border_width__hover_enabled=&#8221;off&#8221; button_one_border_color__hover_enabled=&#8221;off&#8221; button_two_border_color__hover_enabled=&#8221;off&#8221; button_one_border_radius__hover_enabled=&#8221;off&#8221; button_two_border_radius__hover_enabled=&#8221;off&#8221; button_one_letter_spacing__hover_enabled=&#8221;off&#8221; button_two_letter_spacing__hover_enabled=&#8221;off&#8221; button_one_bg_color__hover_enabled=&#8221;off&#8221; button_two_bg_color__hover_enabled=&#8221;off&#8221;]<\/p>\n<h4 style=\"text-align: center;\"><em>948 199 775 &#8211; <span style=\"color: #ffffff;\"><a style=\"color: #ffffff;\" href=\"mailto:fundacion@koine-aequalitas.org\"><strong>fundacion@koine-aequalitas.org<\/strong><\/a><\/span><\/em><\/h4>\n<p>[\/et_pb_fullwidth_header][\/et_pb_section][et_pb_section fb_built=&#8221;1&#8243; _builder_version=&#8221;4.16&#8243; custom_padding=&#8221;0px||0px&#8221; global_colors_info=&#8221;{}&#8221;][et_pb_row _builder_version=&#8221;4.16&#8243; background_size=&#8221;initial&#8221; background_position=&#8221;top_left&#8221; background_repeat=&#8221;repeat&#8221; global_colors_info=&#8221;{}&#8221;][et_pb_column type=&#8221;4_4&#8243; _builder_version=&#8221;4.16&#8243; custom_padding=&#8221;|||&#8221; global_colors_info=&#8221;{}&#8221; custom_padding__hover=&#8221;|||&#8221;][et_pb_image src=&#8221;https:\/\/www.koine-aequalitas.org\/wp-content\/uploads\/2023\/11\/REVITAS_LOGO.png&#8221; title_text=&#8221;REVITAS_LOGO&#8221; _builder_version=&#8221;4.22.2&#8243; _module_preset=&#8221;default&#8221; width=&#8221;40%&#8221; module_alignment=&#8221;center&#8221; global_colors_info=&#8221;{}&#8221;][\/et_pb_image][et_pb_text _builder_version=&#8221;4.27.0&#8243; global_colors_info=&#8221;{}&#8221;]<\/p>\n<p style=\"text-align: center;\">Proposamen hau landa-eremuen birpopulaketarekin lotutako beharrei erantzuteko sortu da, lurralde bakoitzaren berezitasunak kontuan hartuta.<\/p>\n<p>[\/et_pb_text][et_pb_text _builder_version=&#8221;4.27.2&#8243; _module_preset=&#8221;default&#8221; hover_enabled=&#8221;0&#8243; global_colors_info=&#8221;{}&#8221; sticky_enabled=&#8221;0&#8243;]<\/p>\n<p style=\"text-align: center;\"><iframe loading=\"lazy\" title=\"YouTube video player\" src=\"https:\/\/www.youtube.com\/embed\/rwExqIQ67NI?si=X_XoC_LHYD1xPeIK\" width=\"800\" height=\"450\" frameborder=\"0\" allowfullscreen=\"allowfullscreen\"><\/iframe><\/p>\n<p>[\/et_pb_text][\/et_pb_column][\/et_pb_row][\/et_pb_section][et_pb_section fb_built=&#8221;1&#8243; fullwidth=&#8221;on&#8221; _builder_version=&#8221;4.16&#8243; custom_padding=&#8221;0px||0px&#8221; collapsed=&#8221;off&#8221; global_colors_info=&#8221;{}&#8221;][et_pb_fullwidth_header title=&#8221;Eskatu informazio gehio:&#8221; text_orientation=&#8221;center&#8221; _builder_version=&#8221;4.27.0&#8243; custom_margin=&#8221;||&#8221; custom_padding=&#8221;0em||0em|&#8221; global_colors_info=&#8221;{}&#8221; button_one_text_size__hover_enabled=&#8221;off&#8221; button_two_text_size__hover_enabled=&#8221;off&#8221; button_one_text_color__hover_enabled=&#8221;off&#8221; button_two_text_color__hover_enabled=&#8221;off&#8221; button_one_border_width__hover_enabled=&#8221;off&#8221; button_two_border_width__hover_enabled=&#8221;off&#8221; button_one_border_color__hover_enabled=&#8221;off&#8221; button_two_border_color__hover_enabled=&#8221;off&#8221; button_one_border_radius__hover_enabled=&#8221;off&#8221; button_two_border_radius__hover_enabled=&#8221;off&#8221; button_one_letter_spacing__hover_enabled=&#8221;off&#8221; button_two_letter_spacing__hover_enabled=&#8221;off&#8221; button_one_bg_color__hover_enabled=&#8221;off&#8221; button_two_bg_color__hover_enabled=&#8221;off&#8221;]<\/p>\n<h4 style=\"text-align: center;\"><em>948 199 775 &#8211; <span style=\"color: #ffffff;\"><a style=\"color: #ffffff;\" href=\"mailto:fundacion@koine-aequalitas.org\"><strong>fundacion@koine-aequalitas.org<\/strong><\/a><\/span><\/em><\/h4>\n<p>[\/et_pb_fullwidth_header][\/et_pb_section][et_pb_section fb_built=&#8221;1&#8243; _builder_version=&#8221;4.16&#8243; custom_margin=&#8221;0px||0px|&#8221; custom_padding=&#8221;0px||0px&#8221; global_colors_info=&#8221;{}&#8221;][et_pb_row _builder_version=&#8221;4.16&#8243; background_size=&#8221;initial&#8221; background_position=&#8221;top_left&#8221; background_repeat=&#8221;repeat&#8221; global_colors_info=&#8221;{}&#8221;][et_pb_column type=&#8221;4_4&#8243; _builder_version=&#8221;4.16&#8243; custom_padding=&#8221;|||&#8221; global_colors_info=&#8221;{}&#8221; custom_padding__hover=&#8221;|||&#8221;][et_pb_text _builder_version=&#8221;4.27.0&#8243; global_colors_info=&#8221;{}&#8221;]<\/p>\n<h3><strong>HELBURUAK<\/strong><\/h3>\n<p><strong>Helburu orokorra<\/strong><\/p>\n<ul>\n<li>Nafarroako landa-eremuetan birpopulatze-prozesuak bultzatzea, estrategia bat (instituzionala, komunitarioa eta indibiduala) definituz modu parte-hartzailean, eta hura protabu eta baliozkotuz. Estrategia horrek oinarritzat ditu sormen industriak (turismo jasangarria) osatzen dituzten esparruak, gizarte egoera ahulean dauden pertsonen eta laneratzean oinarritzen da, gizarte-ekonomiaren hainbat formaren bidez.<\/li>\n<\/ul>\n<p><strong>Helburu espezifikoak<\/strong><\/p>\n<ul>\n<li>Parte hartzen duten herrien garapen sozioekonomikoa bultzatzea, birpopulatzeko estrategia parte-hartzaile baten bidez, populazioari eusteko eta populazioa sartzeko aukerak ustiatuz eta oztopoak minimizatuz.<\/li>\n<li>Gizarte-egoera ahulean dauden pertsonak landa-eremuan gizarteratzen eta laneratzen laguntzea, turismo jasangarriaren sektorean enplegua sortuz eta ekintzailetza bultzatuz.<\/li>\n<li>Gizarte-egoera ahulean dauden pertsonen gizarteratzea bultzatzea, landa-eremu despopulatuetan beren bizi-proiektua garatzeko aukerak sortuz (banakakoa, familiakoa, soziala eta lanekoa).<\/li>\n<li>Proiektuaren erreplikagarritasuna eta jasangarritasuna bultzatzea, proiektuaren trazagarritasuna, ebaluazio eta komunikazio optimoaren bidez.<\/li>\n<\/ul>\n<p>[\/et_pb_text][et_pb_image src=&#8221;https:\/\/www.koine-aequalitas.org\/wp-content\/uploads\/2024\/08\/REVITAS_COMECOCOS-1024&#215;1024.jpg&#8221; title_text=&#8221;REVITAS_COMECOCOS&#8221; align=&#8221;center&#8221; _builder_version=&#8221;4.24.0&#8243; _module_preset=&#8221;default&#8221; width=&#8221;70%&#8221; global_colors_info=&#8221;{}&#8221;][\/et_pb_image][et_pb_text _builder_version=&#8221;4.27.0&#8243; global_colors_info=&#8221;{}&#8221;]<\/p>\n<p>Proiektuak, Innova Programaren laguntza du.<\/p>\n<p>[\/et_pb_text][et_pb_image src=&#8221;https:\/\/www.koine-aequalitas.org\/wp-content\/uploads\/2024\/08\/InnovaFund-Horiz.png&#8221; title_text=&#8221;Innova+Fund-Horiz&#8221; align=&#8221;center&#8221; _builder_version=&#8221;4.27.0&#8243; _module_preset=&#8221;default&#8221; width=&#8221;70%&#8221; global_colors_info=&#8221;{}&#8221;][\/et_pb_image][\/et_pb_column][\/et_pb_row][\/et_pb_section][et_pb_section fb_built=&#8221;1&#8243; fullwidth=&#8221;on&#8221; _builder_version=&#8221;4.16&#8243; custom_padding=&#8221;0px||0px&#8221; global_colors_info=&#8221;{}&#8221;][et_pb_fullwidth_header title=&#8221;Eskatu informazio gehio:&#8221; text_orientation=&#8221;center&#8221; _builder_version=&#8221;4.27.0&#8243; custom_margin=&#8221;||&#8221; custom_padding=&#8221;0em||0em|&#8221; global_colors_info=&#8221;{}&#8221; button_one_text_size__hover_enabled=&#8221;off&#8221; button_two_text_size__hover_enabled=&#8221;off&#8221; button_one_text_color__hover_enabled=&#8221;off&#8221; button_two_text_color__hover_enabled=&#8221;off&#8221; button_one_border_width__hover_enabled=&#8221;off&#8221; button_two_border_width__hover_enabled=&#8221;off&#8221; button_one_border_color__hover_enabled=&#8221;off&#8221; button_two_border_color__hover_enabled=&#8221;off&#8221; button_one_border_radius__hover_enabled=&#8221;off&#8221; button_two_border_radius__hover_enabled=&#8221;off&#8221; button_one_letter_spacing__hover_enabled=&#8221;off&#8221; button_two_letter_spacing__hover_enabled=&#8221;off&#8221; button_one_bg_color__hover_enabled=&#8221;off&#8221; button_two_bg_color__hover_enabled=&#8221;off&#8221;]<\/p>\n<h4 style=\"text-align: center;\"><em>948 199 775 &#8211; <span style=\"color: #ffffff;\"><a style=\"color: #ffffff;\" href=\"mailto:fundacion@koine-aequalitas.org\"><strong>fundacion@koine-aequalitas.org<\/strong><\/a><\/span><\/em><\/h4>\n<p>[\/et_pb_fullwidth_header][\/et_pb_section]<\/p>\n","protected":false},"excerpt":{"rendered":"<p>948 199 775 &#8211; fundacion@koine-aequalitas.orgProposamen hau landa-eremuen birpopulaketarekin lotutako beharrei erantzuteko sortu da, lurralde bakoitzaren berezitasunak kontuan hartuta.948 199 775 &#8211; fundacion@koine-aequalitas.orgHELBURUAK Helburu orokorra Nafarroako landa-eremuetan birpopulatze-prozesuak bultzatzea, estrategia bat (instituzionala, komunitarioa eta indibiduala) definituz modu parte-hartzailean, eta hura protabu eta baliozkotuz. Estrategia horrek oinarritzat ditu sormen industriak (turismo jasangarria) osatzen dituzten esparruak, gizarte egoera [&hellip;]<\/p>\n","protected":false},"author":4,"featured_media":0,"parent":0,"menu_order":0,"comment_status":"closed","ping_status":"closed","template":"","meta":{"_et_pb_use_builder":"on","_et_pb_old_content":"<p>[et_pb_section fb_built=\"1\" fullwidth=\"on\" _builder_version=\"4.16\" global_colors_info=\"{}\"][et_pb_fullwidth_header title=\"REVITAS - Servicio Integral de Repoblaci\u00f3n\" text_orientation=\"center\" admin_label=\"T\u00edtulo de anchura completa\" _builder_version=\"4.22.2\" custom_margin=\"||\" custom_padding=\"0em||0em|\" global_colors_info=\"{}\" button_one_text_size__hover_enabled=\"off\" button_two_text_size__hover_enabled=\"off\" button_one_text_color__hover_enabled=\"off\" button_two_text_color__hover_enabled=\"off\" button_one_border_width__hover_enabled=\"off\" button_two_border_width__hover_enabled=\"off\" button_one_border_color__hover_enabled=\"off\" button_two_border_color__hover_enabled=\"off\" button_one_border_radius__hover_enabled=\"off\" button_two_border_radius__hover_enabled=\"off\" button_one_letter_spacing__hover_enabled=\"off\" button_two_letter_spacing__hover_enabled=\"off\" button_one_bg_color__hover_enabled=\"off\" button_two_bg_color__hover_enabled=\"off\"]<\/p><h4 style=\"text-align: center;\"><em>948 199 775 - <span style=\"color: #ffffff;\"><a style=\"color: #ffffff;\" href=\"mailto:fundacion@koine-aequalitas.org\"><strong>fundacion@koine-aequalitas.org<\/strong><\/a><\/span><\/em><\/h4><p>[\/et_pb_fullwidth_header][\/et_pb_section][et_pb_section fb_built=\"1\" _builder_version=\"4.16\" custom_padding=\"0px||0px\" global_colors_info=\"{}\"][et_pb_row _builder_version=\"4.16\" background_size=\"initial\" background_position=\"top_left\" background_repeat=\"repeat\" global_colors_info=\"{}\"][et_pb_column type=\"4_4\" _builder_version=\"4.16\" custom_padding=\"|||\" global_colors_info=\"{}\" custom_padding__hover=\"|||\"][et_pb_image src=\"https:\/\/www.koine-aequalitas.org\/wp-content\/uploads\/2023\/11\/REVITAS_LOGO.png\" title_text=\"REVITAS_LOGO\" _builder_version=\"4.22.2\" _module_preset=\"default\" width=\"40%\" module_alignment=\"center\" global_colors_info=\"{}\"][\/et_pb_image][et_pb_text _builder_version=\"4.22.2\" global_colors_info=\"{}\"]<\/p><p style=\"text-align: center;\">Esta propuesta surge para dar respuesta a las diferentes necesidades relacionadas con la repoblaci\u00f3n de espacios rurales teniendo muy presente las especificidades de cada territorio.<\/p><p>[\/et_pb_text][et_pb_text _builder_version=\"4.22.2\" _module_preset=\"default\" global_colors_info=\"{}\"]<\/p><p>[embed]https:\/\/vimeo.com\/882931645[\/embed]<\/p><p>[\/et_pb_text][\/et_pb_column][\/et_pb_row][\/et_pb_section][et_pb_section fb_built=\"1\" fullwidth=\"on\" _builder_version=\"4.16\" custom_padding=\"0px||0px\" collapsed=\"off\" global_colors_info=\"{}\"][et_pb_fullwidth_header title=\"Solic\u00edtanos m\u00e1s informaci\u00f3n:\" text_orientation=\"center\" _builder_version=\"4.22.2\" custom_margin=\"||\" custom_padding=\"0em||0em|\" global_colors_info=\"{}\" button_one_text_size__hover_enabled=\"off\" button_two_text_size__hover_enabled=\"off\" button_one_text_color__hover_enabled=\"off\" button_two_text_color__hover_enabled=\"off\" button_one_border_width__hover_enabled=\"off\" button_two_border_width__hover_enabled=\"off\" button_one_border_color__hover_enabled=\"off\" button_two_border_color__hover_enabled=\"off\" button_one_border_radius__hover_enabled=\"off\" button_two_border_radius__hover_enabled=\"off\" button_one_letter_spacing__hover_enabled=\"off\" button_two_letter_spacing__hover_enabled=\"off\" button_one_bg_color__hover_enabled=\"off\" button_two_bg_color__hover_enabled=\"off\"]<\/p><h4 style=\"text-align: center;\"><em>948 199 775 - <span style=\"color: #ffffff;\"><a style=\"color: #ffffff;\" href=\"mailto:fundacion@koine-aequalitas.org\"><strong>fundacion@koine-aequalitas.org<\/strong><\/a><\/span><\/em><\/h4><p>[\/et_pb_fullwidth_header][\/et_pb_section][et_pb_section fb_built=\"1\" _builder_version=\"4.16\" custom_margin=\"0px||0px|\" custom_padding=\"0px||0px\" global_colors_info=\"{}\"][et_pb_row _builder_version=\"4.16\" background_size=\"initial\" background_position=\"top_left\" background_repeat=\"repeat\" global_colors_info=\"{}\"][et_pb_column type=\"4_4\" _builder_version=\"4.16\" custom_padding=\"|||\" global_colors_info=\"{}\" custom_padding__hover=\"|||\"][et_pb_text _builder_version=\"4.27.0\" hover_enabled=\"0\" global_colors_info=\"{}\" sticky_enabled=\"0\"]<\/p><h3><strong>OBJETIVOS<\/strong><\/h3><p><strong>Objetivo General<\/strong><\/p><ul><li>Impulsar los procesos de repoblaci\u00f3n en \u00e1reas rurales navarras a trav\u00e9s de la definici\u00f3n participada, testeo y validaci\u00f3n de una estrategia metodol\u00f3gica (institucional, comunitaria e individual) basada en la inclusi\u00f3n sociolaboral de colectivos en situaci\u00f3n de vulnerabilidad social en los \u00e1mbitos que componen las industrias creativas (turismo sostenible) a trav\u00e9s de diversas formas de la econom\u00eda social.<\/li><\/ul><p><strong>Objetivos Espec\u00edficos<\/strong><\/p><ul><li>Impulsar el desarrollo socioecon\u00f3mico de las localidades implicadas a trav\u00e9s de una estrategia de repoblaci\u00f3n participada que explote las oportunidades y minimice los obst\u00e1culos para el mantenimiento y la incorporaci\u00f3n de poblaci\u00f3n.<\/li><li>Favorecer la inserci\u00f3n sociolaboral de personas en situaci\u00f3n de vulnerabilidad social en \u00e1rea rural a trav\u00e9s de la generaci\u00f3n de empleo y emprendimiento en el sector del turismo sostenible.<\/li><li>Potenciar la inclusi\u00f3n social de personas en situaci\u00f3n de vulnerabilidad social generando oportunidades para el desarrollo de su proyecto vital (individual, familiar, social y laboral) en \u00e1reas rurales despobladas.<\/li><li>Favorecer la replicabilidad y sostenibilidad del proyecto a trav\u00e9s de una \u00f3ptima trazabilidad, evaluaci\u00f3n y comunicaci\u00f3n de este.<\/li><\/ul><p>[\/et_pb_text][et_pb_image src=\"https:\/\/www.koine-aequalitas.org\/wp-content\/uploads\/2024\/08\/REVITAS_COMECOCOS-1024x1024.jpg\" title_text=\"REVITAS_COMECOCOS\" align=\"center\" _builder_version=\"4.24.0\" _module_preset=\"default\" width=\"70%\" global_colors_info=\"{}\"][\/et_pb_image][et_pb_text _builder_version=\"4.27.0\" hover_enabled=\"0\" global_colors_info=\"{}\" sticky_enabled=\"0\"]<\/p><p>El Proyecto cuenta con el apoyo del Programa Innova.<\/p><p>[\/et_pb_text][et_pb_image src=\"https:\/\/www.koine-aequalitas.org\/wp-content\/uploads\/2024\/08\/InnovaFund-Horiz.png\" title_text=\"Innova+Fund-Horiz\" align=\"center\" _builder_version=\"4.27.0\" _module_preset=\"default\" width=\"70%\" hover_enabled=\"0\" global_colors_info=\"{}\" sticky_enabled=\"0\"][\/et_pb_image][\/et_pb_column][\/et_pb_row][\/et_pb_section][et_pb_section fb_built=\"1\" fullwidth=\"on\" _builder_version=\"4.16\" custom_padding=\"0px||0px\" global_colors_info=\"{}\"][et_pb_fullwidth_header title=\"Solic\u00edtanos m\u00e1s informaci\u00f3n:\" text_orientation=\"center\" _builder_version=\"4.22.2\" custom_margin=\"||\" custom_padding=\"0em||0em|\" hover_enabled=\"0\" global_colors_info=\"{}\" button_one_text_size__hover_enabled=\"off\" button_two_text_size__hover_enabled=\"off\" button_one_text_color__hover_enabled=\"off\" button_two_text_color__hover_enabled=\"off\" button_one_border_width__hover_enabled=\"off\" button_two_border_width__hover_enabled=\"off\" button_one_border_color__hover_enabled=\"off\" button_two_border_color__hover_enabled=\"off\" button_one_border_radius__hover_enabled=\"off\" button_two_border_radius__hover_enabled=\"off\" button_one_letter_spacing__hover_enabled=\"off\" button_two_letter_spacing__hover_enabled=\"off\" button_one_bg_color__hover_enabled=\"off\" button_two_bg_color__hover_enabled=\"off\" sticky_enabled=\"0\"]<\/p><h4 style=\"text-align: center;\"><em>948 199 775 - <span style=\"color: #ffffff;\"><a style=\"color: #ffffff;\" href=\"mailto:fundacion@koine-aequalitas.org\"><strong>fundacion@koine-aequalitas.org<\/strong><\/a><\/span><\/em><\/h4><p>[\/et_pb_fullwidth_header][\/et_pb_section]<\/p>","_et_gb_content_width":"","footnotes":""},"class_list":["post-3127","page","type-page","status-publish","hentry"],"yoast_head":"<!-- This site is optimized with the Yoast SEO plugin v27.4 - https:\/\/yoast.com\/product\/yoast-seo-wordpress\/ -->\n<title>Birpopulaketa - Koine<\/title>\n<meta name=\"robots\" content=\"index, follow, max-snippet:-1, max-image-preview:large, max-video-preview:-1\" \/>\n<link rel=\"canonical\" href=\"https:\/\/www.koine-aequalitas.org\/eu\/birpopulaketa\/\" \/>\n<meta property=\"og:locale\" content=\"eu_ES\" \/>\n<meta property=\"og:type\" content=\"article\" \/>\n<meta property=\"og:title\" content=\"Birpopulaketa - Koine\" \/>\n<meta property=\"og:description\" content=\"948 199 775 - fundacion@koine-aequalitas.orgProposamen hau landa-eremuen birpopulaketarekin lotutako beharrei erantzuteko sortu da, lurralde bakoitzaren berezitasunak kontuan hartuta.948 199 775 - fundacion@koine-aequalitas.orgHELBURUAK Helburu orokorra Nafarroako landa-eremuetan birpopulatze-prozesuak bultzatzea, estrategia bat (instituzionala, komunitarioa eta indibiduala) definituz modu parte-hartzailean, eta hura protabu eta baliozkotuz. Estrategia horrek oinarritzat ditu sormen industriak (turismo jasangarria) osatzen dituzten esparruak, gizarte egoera [&hellip;]\" \/>\n<meta property=\"og:url\" content=\"https:\/\/www.koine-aequalitas.org\/eu\/birpopulaketa\/\" \/>\n<meta property=\"og:site_name\" content=\"Koine\" \/>\n<meta property=\"article:modified_time\" content=\"2025-04-11T10:24:58+00:00\" \/>\n<meta name=\"twitter:card\" content=\"summary_large_image\" \/>\n<meta name=\"twitter:label1\" content=\"Est. reading time\" \/>\n\t<meta name=\"twitter:data1\" content=\"2 minutes\" \/>\n<script type=\"application\/ld+json\" class=\"yoast-schema-graph\">{\"@context\":\"https:\\\/\\\/schema.org\",\"@graph\":[{\"@type\":\"WebPage\",\"@id\":\"https:\\\/\\\/www.koine-aequalitas.org\\\/eu\\\/birpopulaketa\\\/\",\"url\":\"https:\\\/\\\/www.koine-aequalitas.org\\\/eu\\\/birpopulaketa\\\/\",\"name\":\"Birpopulaketa - Koine\",\"isPartOf\":{\"@id\":\"https:\\\/\\\/www.koine-aequalitas.org\\\/#website\"},\"datePublished\":\"2024-09-11T14:58:16+00:00\",\"dateModified\":\"2025-04-11T10:24:58+00:00\",\"breadcrumb\":{\"@id\":\"https:\\\/\\\/www.koine-aequalitas.org\\\/eu\\\/birpopulaketa\\\/#breadcrumb\"},\"inLanguage\":\"eu-ES\",\"potentialAction\":[{\"@type\":\"ReadAction\",\"target\":[\"https:\\\/\\\/www.koine-aequalitas.org\\\/eu\\\/birpopulaketa\\\/\"]}]},{\"@type\":\"BreadcrumbList\",\"@id\":\"https:\\\/\\\/www.koine-aequalitas.org\\\/eu\\\/birpopulaketa\\\/#breadcrumb\",\"itemListElement\":[{\"@type\":\"ListItem\",\"position\":1,\"name\":\"Portada\",\"item\":\"https:\\\/\\\/www.koine-aequalitas.org\\\/eu\\\/\"},{\"@type\":\"ListItem\",\"position\":2,\"name\":\"Birpopulaketa\"}]},{\"@type\":\"WebSite\",\"@id\":\"https:\\\/\\\/www.koine-aequalitas.org\\\/#website\",\"url\":\"https:\\\/\\\/www.koine-aequalitas.org\\\/\",\"name\":\"Koine\",\"description\":\"Fundaci\u00f3n para la promoci\u00f3n de derechos de las personas con discapacidad y\\\/o riesgo de exclusi\u00f3n social\",\"potentialAction\":[{\"@type\":\"SearchAction\",\"target\":{\"@type\":\"EntryPoint\",\"urlTemplate\":\"https:\\\/\\\/www.koine-aequalitas.org\\\/?s={search_term_string}\"},\"query-input\":{\"@type\":\"PropertyValueSpecification\",\"valueRequired\":true,\"valueName\":\"search_term_string\"}}],\"inLanguage\":\"eu-ES\"}]}<\/script>\n<!-- \/ Yoast SEO plugin. -->","yoast_head_json":{"title":"Birpopulaketa - Koine","robots":{"index":"index","follow":"follow","max-snippet":"max-snippet:-1","max-image-preview":"max-image-preview:large","max-video-preview":"max-video-preview:-1"},"canonical":"https:\/\/www.koine-aequalitas.org\/eu\/birpopulaketa\/","og_locale":"eu_ES","og_type":"article","og_title":"Birpopulaketa - Koine","og_description":"948 199 775 - fundacion@koine-aequalitas.orgProposamen hau landa-eremuen birpopulaketarekin lotutako beharrei erantzuteko sortu da, lurralde bakoitzaren berezitasunak kontuan hartuta.948 199 775 - fundacion@koine-aequalitas.orgHELBURUAK Helburu orokorra Nafarroako landa-eremuetan birpopulatze-prozesuak bultzatzea, estrategia bat (instituzionala, komunitarioa eta indibiduala) definituz modu parte-hartzailean, eta hura protabu eta baliozkotuz. Estrategia horrek oinarritzat ditu sormen industriak (turismo jasangarria) osatzen dituzten esparruak, gizarte egoera [&hellip;]","og_url":"https:\/\/www.koine-aequalitas.org\/eu\/birpopulaketa\/","og_site_name":"Koine","article_modified_time":"2025-04-11T10:24:58+00:00","twitter_card":"summary_large_image","twitter_misc":{"Est. reading time":"2 minutes"},"schema":{"@context":"https:\/\/schema.org","@graph":[{"@type":"WebPage","@id":"https:\/\/www.koine-aequalitas.org\/eu\/birpopulaketa\/","url":"https:\/\/www.koine-aequalitas.org\/eu\/birpopulaketa\/","name":"Birpopulaketa - Koine","isPartOf":{"@id":"https:\/\/www.koine-aequalitas.org\/#website"},"datePublished":"2024-09-11T14:58:16+00:00","dateModified":"2025-04-11T10:24:58+00:00","breadcrumb":{"@id":"https:\/\/www.koine-aequalitas.org\/eu\/birpopulaketa\/#breadcrumb"},"inLanguage":"eu-ES","potentialAction":[{"@type":"ReadAction","target":["https:\/\/www.koine-aequalitas.org\/eu\/birpopulaketa\/"]}]},{"@type":"BreadcrumbList","@id":"https:\/\/www.koine-aequalitas.org\/eu\/birpopulaketa\/#breadcrumb","itemListElement":[{"@type":"ListItem","position":1,"name":"Portada","item":"https:\/\/www.koine-aequalitas.org\/eu\/"},{"@type":"ListItem","position":2,"name":"Birpopulaketa"}]},{"@type":"WebSite","@id":"https:\/\/www.koine-aequalitas.org\/#website","url":"https:\/\/www.koine-aequalitas.org\/","name":"Koine","description":"Fundaci\u00f3n para la promoci\u00f3n de derechos de las personas con discapacidad y\/o riesgo de exclusi\u00f3n social","potentialAction":[{"@type":"SearchAction","target":{"@type":"EntryPoint","urlTemplate":"https:\/\/www.koine-aequalitas.org\/?s={search_term_string}"},"query-input":{"@type":"PropertyValueSpecification","valueRequired":true,"valueName":"search_term_string"}}],"inLanguage":"eu-ES"}]}},"_links":{"self":[{"href":"https:\/\/www.koine-aequalitas.org\/eu\/wp-json\/wp\/v2\/pages\/3127","targetHints":{"allow":["GET"]}}],"collection":[{"href":"https:\/\/www.koine-aequalitas.org\/eu\/wp-json\/wp\/v2\/pages"}],"about":[{"href":"https:\/\/www.koine-aequalitas.org\/eu\/wp-json\/wp\/v2\/types\/page"}],"author":[{"embeddable":true,"href":"https:\/\/www.koine-aequalitas.org\/eu\/wp-json\/wp\/v2\/users\/4"}],"replies":[{"embeddable":true,"href":"https:\/\/www.koine-aequalitas.org\/eu\/wp-json\/wp\/v2\/comments?post=3127"}],"version-history":[{"count":10,"href":"https:\/\/www.koine-aequalitas.org\/eu\/wp-json\/wp\/v2\/pages\/3127\/revisions"}],"predecessor-version":[{"id":3567,"href":"https:\/\/www.koine-aequalitas.org\/eu\/wp-json\/wp\/v2\/pages\/3127\/revisions\/3567"}],"wp:attachment":[{"href":"https:\/\/www.koine-aequalitas.org\/eu\/wp-json\/wp\/v2\/media?parent=3127"}],"curies":[{"name":"wp","href":"https:\/\/api.w.org\/{rel}","templated":true}]}}