{"id":397,"date":"2018-07-30T18:27:25","date_gmt":"2018-07-30T18:27:25","guid":{"rendered":"https:\/\/www.koine-aequalitas.org\/servicios\/"},"modified":"2024-11-27T11:01:38","modified_gmt":"2024-11-27T11:01:38","slug":"servicios","status":"publish","type":"page","link":"https:\/\/www.koine-aequalitas.org\/en\/servicios\/","title":{"rendered":"Servicios"},"content":{"rendered":"<p>[et_pb_section fb_built=&#8221;1&#8243; fullwidth=&#8221;on&#8221; _builder_version=&#8221;4.16&#8243; global_colors_info=&#8221;{}&#8221;][et_pb_fullwidth_header title=&#8221;Foundation Services&#8221; text_orientation=&#8221;center&#8221; _builder_version=&#8221;4.16&#8243; custom_padding=&#8221;1em||1em|&#8221; text_shadow_style=&#8221;preset1&#8243; global_colors_info=&#8221;{}&#8221; button_one_text_size__hover_enabled=&#8221;off&#8221; button_two_text_size__hover_enabled=&#8221;off&#8221; button_one_text_color__hover_enabled=&#8221;off&#8221; button_two_text_color__hover_enabled=&#8221;off&#8221; button_one_border_width__hover_enabled=&#8221;off&#8221; button_two_border_width__hover_enabled=&#8221;off&#8221; button_one_border_color__hover_enabled=&#8221;off&#8221; button_two_border_color__hover_enabled=&#8221;off&#8221; button_one_border_radius__hover_enabled=&#8221;off&#8221; button_two_border_radius__hover_enabled=&#8221;off&#8221; button_one_letter_spacing__hover_enabled=&#8221;off&#8221; button_two_letter_spacing__hover_enabled=&#8221;off&#8221; button_one_bg_color__hover_enabled=&#8221;off&#8221; button_two_bg_color__hover_enabled=&#8221;off&#8221;][\/et_pb_fullwidth_header][\/et_pb_section][et_pb_section fb_built=&#8221;1&#8243; _builder_version=&#8221;4.16&#8243; global_colors_info=&#8221;{}&#8221;][et_pb_row _builder_version=&#8221;4.16&#8243; background_size=&#8221;initial&#8221; background_position=&#8221;top_left&#8221; background_repeat=&#8221;repeat&#8221; global_colors_info=&#8221;{}&#8221; column_structure=&#8221;1_4,1_4,1_4,1_4&#8243;][et_pb_column type=&#8221;1_4&#8243; _builder_version=&#8221;4.16&#8243; custom_padding=&#8221;|||&#8221; global_colors_info=&#8221;{}&#8221; custom_padding__hover=&#8221;|||&#8221;][et_pb_blurb title=&#8221;Assistance Services&#8221; image=&#8221;https:\/\/www.koine-aequalitas.org\/wp-content\/uploads\/2018\/09\/shutterstock_631902332.jpg&#8221; admin_label=&#8221;Servicios Asistenciales&#8221; _builder_version=&#8221;4.27.2&#8243; header_level=&#8221;h2&#8243; header_text_align=&#8221;center&#8221; hover_enabled=&#8221;0&#8243; global_colors_info=&#8221;{}&#8221; sticky_enabled=&#8221;0&#8243;]<\/p>\n<ul>\n<li><span style=\"font-size: 16px;\">Career Guidance Service<\/span><\/li>\n<li>Professional Relocation Service<\/li>\n<li>Socio-labor Integration Service for Immigrants<\/li>\n<li>Accompaniment Service for Repopulation in Rural Environments<\/li>\n<\/ul>\n<p>&nbsp;<\/p>\n<p>[\/et_pb_blurb][\/et_pb_column][et_pb_column type=&#8221;1_4&#8243; _builder_version=&#8221;4.16&#8243; custom_padding=&#8221;|||&#8221; global_colors_info=&#8221;{}&#8221; custom_padding__hover=&#8221;|||&#8221;][et_pb_blurb title=&#8221;Project management&#8221; image=&#8221;https:\/\/www.koine-aequalitas.org\/wp-content\/uploads\/2018\/10\/shutterstock_562747135_crop.jpg&#8221; admin_label=&#8221;Gesti\u00f3n de proyectos&#8221; _builder_version=&#8221;4.16&#8243; header_level=&#8221;h2&#8243; header_text_align=&#8221;center&#8221; global_colors_info=&#8221;{}&#8221;]<\/p>\n<ul>\n<li><span>Project management: diagnosis, design, implementation and evaluation.<\/span><\/li>\n<li style=\"list-style-type: none;\"><span style=\"font-size: 16px;\">Preparation of public tenders and bids..<\/span><\/li>\n<li><span>Design\/drafting of projects.<\/span><\/li>\n<li><span>Advisory services for specific funding requests. <\/span><\/li>\n<li><span>Previous diagnosis \/intermediate or final evaluation.<\/span><\/li>\n<li><span>Social Impact evaluation.<\/span><\/li>\n<li><span>Social Entrepreneurship \/ Feasibility plans.<\/span><\/li>\n<li>Preparation of public tenders and bids<\/li>\n<\/ul>\n<p>[\/et_pb_blurb][\/et_pb_column][et_pb_column type=&#8221;1_4&#8243; _builder_version=&#8221;4.16&#8243; custom_padding=&#8221;|||&#8221; global_colors_info=&#8221;{}&#8221; custom_padding__hover=&#8221;|||&#8221;][et_pb_blurb title=&#8221;Knowledge management&#8221; image=&#8221;https:\/\/www.koine-aequalitas.org\/wp-content\/uploads\/2018\/10\/shutterstock_642228268_crop.jpg&#8221; admin_label=&#8221;Gesti\u00f3n del conocimiento&#8221; _builder_version=&#8221;4.16&#8243; header_level=&#8221;h2&#8243; header_text_align=&#8221;center&#8221; global_colors_info=&#8221;{}&#8221;]<\/p>\n<ul>\n<li><span>Applied research.<\/span><\/li>\n<li><span>Technical advice for the publication and drafting of theoretical papers. <\/span><\/li>\n<li><span style=\"font-size: 16px;\">Specialised training in management of social entities and intervention with groups in situation of vulnerabilityd.<\/span><\/li>\n<\/ul>\n<p>&nbsp;<\/p>\n<ul><\/ul>\n<p>[\/et_pb_blurb][\/et_pb_column][et_pb_column type=&#8221;1_4&#8243; _builder_version=&#8221;4.16&#8243; custom_padding=&#8221;|||&#8221; global_colors_info=&#8221;{}&#8221; custom_padding__hover=&#8221;|||&#8221;][et_pb_blurb title=&#8221;Organisational Development&#8221; image=&#8221;https:\/\/www.koine-aequalitas.org\/wp-content\/uploads\/2018\/10\/shutterstock_592565951_crop.jpg&#8221; admin_label=&#8221;Desarrollo Organizacional&#8221; _builder_version=&#8221;4.16&#8243; header_level=&#8221;h2&#8243; header_text_align=&#8221;center&#8221; global_colors_info=&#8221;{}&#8221;]<\/p>\n<ul>\n<li><span>Strategic management.<\/span><\/li>\n<li><span>Support in the implementation of the EFQM quality model. <\/span><\/li>\n<li><span>Fundraising planning.<\/span><\/li>\n<li><span>Innovative projects.<\/span><\/li>\n<li><span>Plans for equal opportunities and conciliation.<\/span><\/li>\n<li><span>Plans for the use of Basque in organisations.<\/span><\/li>\n<li><span>Communication plans.<\/span><\/li>\n<li>External management \/ externalisation of the management.<\/li>\n<\/ul>\n<p>[\/et_pb_blurb][\/et_pb_column][\/et_pb_row][\/et_pb_section][et_pb_section fb_built=&#8221;1&#8243; _builder_version=&#8221;4.16&#8243; background_color=&#8221;rgba(0,0,0,0.04)&#8221; global_colors_info=&#8221;{}&#8221;][et_pb_row _builder_version=&#8221;4.16&#8243; background_size=&#8221;initial&#8221; background_position=&#8221;top_left&#8221; background_repeat=&#8221;repeat&#8221; global_colors_info=&#8221;{}&#8221;][et_pb_column type=&#8221;4_4&#8243; _builder_version=&#8221;4.16&#8243; custom_padding=&#8221;|||&#8221; global_colors_info=&#8221;{}&#8221; custom_padding__hover=&#8221;|||&#8221;][et_pb_blurb title=&#8221;Our Charter of Services&#8221; url=&#8221;https:\/\/www.koine-aequalitas.org\/wp-content\/uploads\/2018\/10\/DIPTICO-KOINE.pdf&#8221; url_new_window=&#8221;on&#8221; use_icon=&#8221;on&#8221; font_icon=&#8221;&#xe004;||divi||400&#8243; _builder_version=&#8221;4.16&#8243; text_orientation=&#8221;center&#8221; global_colors_info=&#8221;{}&#8221;][\/et_pb_blurb][\/et_pb_column][\/et_pb_row][\/et_pb_section][et_pb_section fb_built=&#8221;1&#8243; _builder_version=&#8221;4.16&#8243; global_colors_info=&#8221;{}&#8221;][et_pb_row _builder_version=&#8221;4.16&#8243; background_size=&#8221;initial&#8221; background_position=&#8221;top_left&#8221; background_repeat=&#8221;repeat&#8221; global_colors_info=&#8221;{}&#8221;][et_pb_column type=&#8221;4_4&#8243; _builder_version=&#8221;4.16&#8243; custom_padding=&#8221;|||&#8221; global_colors_info=&#8221;{}&#8221; custom_padding__hover=&#8221;|||&#8221;][et_pb_text _builder_version=&#8221;4.16&#8243; global_colors_info=&#8221;{}&#8221;]<\/p>\n<h2><strong>Works carried out<\/strong><\/h2>\n<p>[\/et_pb_text][et_pb_accordion _builder_version=&#8221;4.16&#8243; global_colors_info=&#8221;{}&#8221;][et_pb_accordion_item title=&#8221;TECHNICAL ASSISTANCE FOR THE SUBMISSION OF GRANT APPLICATIONS OF SOCIAL ENTITIES&#8221; open=&#8221;on&#8221; _builder_version=&#8221;4.16&#8243; global_colors_info=&#8221;{}&#8221;]<\/p>\n<p>The <strong>KOINE AEQUALITAS Foundation<\/strong>\u00a0has provided technical assistance to support various organisations in the preparation of public and private grant applications, among which we can highlight:<\/p>\n<p>ASPACE, Asociaci\u00f3n Humanitaria Ni\u00f1os del Choc\u00f3, Ibili, XILEMA, ADACEN\u2026<\/p>\n<p>[\/et_pb_accordion_item][et_pb_accordion_item title=&#8221;SUPPORT IN THE DEVELOPMENT OF SOCIAL PROJECTS&#8221; _builder_version=&#8221;4.16&#8243; global_colors_info=&#8221;{}&#8221; open=&#8221;off&#8221;]<\/p>\n<p><span style=\"font-size: 16px;\">Koine Aequalitas Foundation has provided technical assistance for support in the execution of social projects of regional and national entities, among which we can highlight: Project of Women and Equality of ACODIFNA, Technical Secretary in the II National Congress of the Law of the Disability organized by the Right and Disability Foundation CERMI and CAJA NAVARRA FOUNDATION, Mediation Project in of IBILI, Co-responsibility in cares project of ADACEN.<\/span><\/p>\n<p>[\/et_pb_accordion_item][et_pb_accordion_item title=&#8221;SUPPORT IN THE ORGANIZATIONAL DEVELOPMENT OF SOCIAL ENTITIES&#8221; _builder_version=&#8221;4.16&#8243; global_colors_info=&#8221;{}&#8221; open=&#8221;off&#8221;]<\/p>\n<p>Koine Aequalitas Foundation has provided technical assistance for the promotion of the organizational development of various social entities. This support has been carried out both in the field of specialized training and in the conduct of participatory diagnoses or strategic plans. We can highlight the following projects: ACODIFNA Strategic Plan, AMIMET Strategic Plan, IBILI Strategic Plan, Diagnosis of ARALAR Association, Specialized Training in SCLEROSIS MULTIPLE OF NAVARRA entity.<\/p>\n<p>[\/et_pb_accordion_item][et_pb_accordion_item title=&#8221;PREPARATION OF EQUALITY PLANS IN DIFFERENT SOCIAL ENTITIES&#8221; _builder_version=&#8221;4.16&#8243; global_colors_info=&#8221;{}&#8221; open=&#8221;off&#8221;]<\/p>\n<p>The <strong><span>KOINE AEQUALITAS Foundation<\/span><\/strong><span>\u00a0has provided technical assistance for the development of several equality plans in social organisation, among which we can highlight:<\/span><\/p>\n<ul>\n<li><span>UGT CATALUNYA (GENERAL WORKERS<\/span>\u2019 <span>TRADE UNION OF CATALONIA)<\/span><\/li>\n<li><span>ATADES HUESCA (TUTELAGE ASSOCIATION FOR ASSISTANCE TO PEOPLE WITH INTELLECTUAL DISABILITIES)<\/span><\/li>\n<li>ASPANIAS BURGOS.<\/li>\n<li>ACODIFNA<\/li>\n<\/ul>\n<p>[\/et_pb_accordion_item][et_pb_accordion_item title=&#8221;TELEPHONE ASSISTANCE SERVICE TO THE GOVERNMENT OF NAVARRE&#8221; _builder_version=&#8221;4.16&#8243; global_colors_info=&#8221;{}&#8221; open=&#8221;off&#8221;]<\/p>\n<p>For several years, between 2015 and 2017, the <strong>KOINE AEQUALITAS Foundation<\/strong> has been providing information and telephone services to the Department of Social Rights, which includes attending incoming calls, making outgoing calls and information support tasks.<\/p>\n<p>[\/et_pb_accordion_item][et_pb_accordion_item title=&#8221;ASSESSMENT OF THE ECONOMIC CAPACITY OF FAMILY UNITS&#8221; _builder_version=&#8221;4.16&#8243; global_colors_info=&#8221;{}&#8221; open=&#8221;off&#8221;]<\/p>\n<p>During 2012 and 2015, the <strong>KOINE AEQUALITAS Foundation<\/strong> has carried out the assessment of the economic capacity of family units for the Agencia Navarra for the Autonomy of Individuals through the preparation of reports that analyse and assess the per capita income, moveable and immovable assets, and the rights in rem susceptible of economic valuation and transfers.<\/p>\n<p>[\/et_pb_accordion_item][et_pb_accordion_item title=&#8221;SOCIAL ASSISTANCE SERVICE FOR THE SOCIAL PROTECTION FOUNDATION OF THE MEDICAL COLLEGE ORGANISATION.&#8221; _builder_version=&#8221;4.16&#8243; global_colors_info=&#8221;{}&#8221; open=&#8221;off&#8221;]<\/p>\n<p>The <strong><span>KOINE AEQUALITAS Foundation <\/span><\/strong>provides assistance to the collective of medical professionals and their families on matters relating to social, psychological and nutritional advice.<\/p>\n<p>In addition, we offer an assessment service for the Dependence Situation, which complements the resolutions of the different competent Public Bodies with assessments carried out by the Social Assistance Network.<\/p>\n<p>[\/et_pb_accordion_item][\/et_pb_accordion][\/et_pb_column][\/et_pb_row][\/et_pb_section]<\/p>\n","protected":false},"excerpt":{"rendered":"<p>Career Guidance Service Professional Relocation Service Socio-labor Integration Service for Immigrants Accompaniment Service for Repopulation in Rural Environments &nbsp; Project management: diagnosis, design, implementation and evaluation. Preparation of public tenders and bids.. Design\/drafting of projects. Advisory services for specific funding requests. Previous diagnosis \/intermediate or final evaluation. Social Impact evaluation. Social Entrepreneurship \/ Feasibility plans. [&hellip;]<\/p>\n","protected":false},"author":1,"featured_media":0,"parent":0,"menu_order":0,"comment_status":"closed","ping_status":"closed","template":"","meta":{"_et_pb_use_builder":"on","_et_pb_old_content":"","_et_gb_content_width":"","footnotes":""},"class_list":["post-397","page","type-page","status-publish","hentry"],"yoast_head":"<!-- This site is optimized with the Yoast SEO plugin v27.4 - https:\/\/yoast.com\/product\/yoast-seo-wordpress\/ -->\n<title>Servicios - Koine<\/title>\n<meta name=\"robots\" content=\"index, follow, max-snippet:-1, max-image-preview:large, max-video-preview:-1\" \/>\n<link rel=\"canonical\" href=\"https:\/\/www.koine-aequalitas.org\/en\/servicios\/\" \/>\n<meta property=\"og:locale\" content=\"en_US\" \/>\n<meta property=\"og:type\" content=\"article\" \/>\n<meta property=\"og:title\" content=\"Servicios - Koine\" \/>\n<meta property=\"og:description\" content=\"Career Guidance Service Professional Relocation Service Socio-labor Integration Service for Immigrants Accompaniment Service for Repopulation in Rural Environments &nbsp; Project management: diagnosis, design, implementation and evaluation. Preparation of public tenders and bids.. Design\/drafting of projects. Advisory services for specific funding requests. Previous diagnosis \/intermediate or final evaluation. Social Impact evaluation. Social Entrepreneurship \/ Feasibility plans. [&hellip;]\" \/>\n<meta property=\"og:url\" content=\"https:\/\/www.koine-aequalitas.org\/en\/servicios\/\" \/>\n<meta property=\"og:site_name\" content=\"Koine\" \/>\n<meta property=\"article:modified_time\" content=\"2024-11-27T11:01:38+00:00\" \/>\n<meta name=\"twitter:card\" content=\"summary_large_image\" \/>\n<meta name=\"twitter:label1\" content=\"Est. reading time\" \/>\n\t<meta name=\"twitter:data1\" content=\"4 minutes\" \/>\n<script type=\"application\/ld+json\" class=\"yoast-schema-graph\">{\"@context\":\"https:\\\/\\\/schema.org\",\"@graph\":[{\"@type\":\"WebPage\",\"@id\":\"https:\\\/\\\/www.koine-aequalitas.org\\\/en\\\/servicios\\\/\",\"url\":\"https:\\\/\\\/www.koine-aequalitas.org\\\/en\\\/servicios\\\/\",\"name\":\"Servicios - Koine\",\"isPartOf\":{\"@id\":\"https:\\\/\\\/www.koine-aequalitas.org\\\/#website\"},\"datePublished\":\"2018-07-30T18:27:25+00:00\",\"dateModified\":\"2024-11-27T11:01:38+00:00\",\"breadcrumb\":{\"@id\":\"https:\\\/\\\/www.koine-aequalitas.org\\\/en\\\/servicios\\\/#breadcrumb\"},\"inLanguage\":\"en-US\",\"potentialAction\":[{\"@type\":\"ReadAction\",\"target\":[\"https:\\\/\\\/www.koine-aequalitas.org\\\/en\\\/servicios\\\/\"]}]},{\"@type\":\"BreadcrumbList\",\"@id\":\"https:\\\/\\\/www.koine-aequalitas.org\\\/en\\\/servicios\\\/#breadcrumb\",\"itemListElement\":[{\"@type\":\"ListItem\",\"position\":1,\"name\":\"Portada\",\"item\":\"https:\\\/\\\/www.koine-aequalitas.org\\\/en\\\/\"},{\"@type\":\"ListItem\",\"position\":2,\"name\":\"Servicios\"}]},{\"@type\":\"WebSite\",\"@id\":\"https:\\\/\\\/www.koine-aequalitas.org\\\/#website\",\"url\":\"https:\\\/\\\/www.koine-aequalitas.org\\\/\",\"name\":\"Koine\",\"description\":\"Fundaci\u00f3n para la promoci\u00f3n de derechos de las personas con discapacidad y\\\/o riesgo de exclusi\u00f3n social\",\"potentialAction\":[{\"@type\":\"SearchAction\",\"target\":{\"@type\":\"EntryPoint\",\"urlTemplate\":\"https:\\\/\\\/www.koine-aequalitas.org\\\/?s={search_term_string}\"},\"query-input\":{\"@type\":\"PropertyValueSpecification\",\"valueRequired\":true,\"valueName\":\"search_term_string\"}}],\"inLanguage\":\"en-US\"}]}<\/script>\n<!-- \/ Yoast SEO plugin. -->","yoast_head_json":{"title":"Servicios - Koine","robots":{"index":"index","follow":"follow","max-snippet":"max-snippet:-1","max-image-preview":"max-image-preview:large","max-video-preview":"max-video-preview:-1"},"canonical":"https:\/\/www.koine-aequalitas.org\/en\/servicios\/","og_locale":"en_US","og_type":"article","og_title":"Servicios - Koine","og_description":"Career Guidance Service Professional Relocation Service Socio-labor Integration Service for Immigrants Accompaniment Service for Repopulation in Rural Environments &nbsp; Project management: diagnosis, design, implementation and evaluation. Preparation of public tenders and bids.. Design\/drafting of projects. Advisory services for specific funding requests. Previous diagnosis \/intermediate or final evaluation. Social Impact evaluation. Social Entrepreneurship \/ Feasibility plans. [&hellip;]","og_url":"https:\/\/www.koine-aequalitas.org\/en\/servicios\/","og_site_name":"Koine","article_modified_time":"2024-11-27T11:01:38+00:00","twitter_card":"summary_large_image","twitter_misc":{"Est. reading time":"4 minutes"},"schema":{"@context":"https:\/\/schema.org","@graph":[{"@type":"WebPage","@id":"https:\/\/www.koine-aequalitas.org\/en\/servicios\/","url":"https:\/\/www.koine-aequalitas.org\/en\/servicios\/","name":"Servicios - Koine","isPartOf":{"@id":"https:\/\/www.koine-aequalitas.org\/#website"},"datePublished":"2018-07-30T18:27:25+00:00","dateModified":"2024-11-27T11:01:38+00:00","breadcrumb":{"@id":"https:\/\/www.koine-aequalitas.org\/en\/servicios\/#breadcrumb"},"inLanguage":"en-US","potentialAction":[{"@type":"ReadAction","target":["https:\/\/www.koine-aequalitas.org\/en\/servicios\/"]}]},{"@type":"BreadcrumbList","@id":"https:\/\/www.koine-aequalitas.org\/en\/servicios\/#breadcrumb","itemListElement":[{"@type":"ListItem","position":1,"name":"Portada","item":"https:\/\/www.koine-aequalitas.org\/en\/"},{"@type":"ListItem","position":2,"name":"Servicios"}]},{"@type":"WebSite","@id":"https:\/\/www.koine-aequalitas.org\/#website","url":"https:\/\/www.koine-aequalitas.org\/","name":"Koine","description":"Fundaci\u00f3n para la promoci\u00f3n de derechos de las personas con discapacidad y\/o riesgo de exclusi\u00f3n social","potentialAction":[{"@type":"SearchAction","target":{"@type":"EntryPoint","urlTemplate":"https:\/\/www.koine-aequalitas.org\/?s={search_term_string}"},"query-input":{"@type":"PropertyValueSpecification","valueRequired":true,"valueName":"search_term_string"}}],"inLanguage":"en-US"}]}},"_links":{"self":[{"href":"https:\/\/www.koine-aequalitas.org\/en\/wp-json\/wp\/v2\/pages\/397","targetHints":{"allow":["GET"]}}],"collection":[{"href":"https:\/\/www.koine-aequalitas.org\/en\/wp-json\/wp\/v2\/pages"}],"about":[{"href":"https:\/\/www.koine-aequalitas.org\/en\/wp-json\/wp\/v2\/types\/page"}],"author":[{"embeddable":true,"href":"https:\/\/www.koine-aequalitas.org\/en\/wp-json\/wp\/v2\/users\/1"}],"replies":[{"embeddable":true,"href":"https:\/\/www.koine-aequalitas.org\/en\/wp-json\/wp\/v2\/comments?post=397"}],"version-history":[{"count":11,"href":"https:\/\/www.koine-aequalitas.org\/en\/wp-json\/wp\/v2\/pages\/397\/revisions"}],"predecessor-version":[{"id":3304,"href":"https:\/\/www.koine-aequalitas.org\/en\/wp-json\/wp\/v2\/pages\/397\/revisions\/3304"}],"wp:attachment":[{"href":"https:\/\/www.koine-aequalitas.org\/en\/wp-json\/wp\/v2\/media?parent=397"}],"curies":[{"name":"wp","href":"https:\/\/api.w.org\/{rel}","templated":true}]}}