{"id":371,"date":"2018-10-17T18:13:04","date_gmt":"2018-10-17T18:13:04","guid":{"rendered":"https:\/\/www.koine-aequalitas.org\/conocenos\/mision-vision-y-valores\/"},"modified":"2024-10-02T10:46:52","modified_gmt":"2024-10-02T10:46:52","slug":"proposito-vision-y-valores","status":"publish","type":"page","link":"https:\/\/www.koine-aequalitas.org\/en\/about-us\/proposito-vision-y-valores\/","title":{"rendered":"Prop\u00f3sito, visi\u00f3n y valores"},"content":{"rendered":"<p>[et_pb_section fb_built=&#8221;1&#8243; fullwidth=&#8221;on&#8221; _builder_version=&#8221;4.16&#8243; global_colors_info=&#8221;{}&#8221;][et_pb_fullwidth_header title=&#8221;Prop\u00f3sito, visi\u00f3n y valores&#8221; text_orientation=&#8221;center&#8221; _builder_version=&#8221;4.27.0&#8243; custom_padding=&#8221;1em||1em|&#8221; global_colors_info=&#8221;{}&#8221; button_one_text_size__hover_enabled=&#8221;off&#8221; button_two_text_size__hover_enabled=&#8221;off&#8221; button_one_text_color__hover_enabled=&#8221;off&#8221; button_two_text_color__hover_enabled=&#8221;off&#8221; button_one_border_width__hover_enabled=&#8221;off&#8221; button_two_border_width__hover_enabled=&#8221;off&#8221; button_one_border_color__hover_enabled=&#8221;off&#8221; button_two_border_color__hover_enabled=&#8221;off&#8221; button_one_border_radius__hover_enabled=&#8221;off&#8221; button_two_border_radius__hover_enabled=&#8221;off&#8221; button_one_letter_spacing__hover_enabled=&#8221;off&#8221; button_two_letter_spacing__hover_enabled=&#8221;off&#8221; button_one_bg_color__hover_enabled=&#8221;off&#8221; button_two_bg_color__hover_enabled=&#8221;off&#8221;][\/et_pb_fullwidth_header][\/et_pb_section][et_pb_section fb_built=&#8221;1&#8243; _builder_version=&#8221;4.16&#8243; global_colors_info=&#8221;{}&#8221;][et_pb_row column_structure=&#8221;1_3,1_3,1_3&#8243; _builder_version=&#8221;4.16&#8243; background_size=&#8221;initial&#8221; background_position=&#8221;top_left&#8221; background_repeat=&#8221;repeat&#8221; global_colors_info=&#8221;{}&#8221;][et_pb_column type=&#8221;1_3&#8243; _builder_version=&#8221;4.16&#8243; custom_padding=&#8221;|||&#8221; global_colors_info=&#8221;{}&#8221; custom_padding__hover=&#8221;|||&#8221;][et_pb_image src=&#8221;https:\/\/www.koine-aequalitas.org\/wp-content\/uploads\/2018\/09\/shutterstock_552274333.jpg&#8221; align_tablet=&#8221;center&#8221; align_phone=&#8221;center&#8221; align_last_edited=&#8221;on|desktop&#8221; _builder_version=&#8221;4.16&#8243; global_colors_info=&#8221;{}&#8221;][\/et_pb_image][et_pb_text admin_label=&#8221;Misi\u00f3n&#8221; _builder_version=&#8221;4.27.0&#8243; global_colors_info=&#8221;{}&#8221;]<\/p>\n<h3>Prop\u00f3sito<\/h3>\n<p>Fundaci\u00f3n Koine-Aequalitas es una entidad privada sin \u00e1nimo de lucro que trabaja desde una perspectiva interdisciplinar en la mejora de la calidad de vida, el desarrollo social y la igualdad de oportunidades de la ciudadan\u00eda y especialmente de las personas en situaci\u00f3n de discapacidad\/ dependencia y\/o exclusi\u00f3n social.<\/p>\n<p>[\/et_pb_text][\/et_pb_column][et_pb_column type=&#8221;1_3&#8243; _builder_version=&#8221;4.16&#8243; custom_padding=&#8221;|||&#8221; global_colors_info=&#8221;{}&#8221; custom_padding__hover=&#8221;|||&#8221;][et_pb_image src=&#8221;https:\/\/www.koine-aequalitas.org\/wp-content\/uploads\/2018\/09\/shutterstock_504128887.jpg&#8221; align_tablet=&#8221;center&#8221; align_phone=&#8221;center&#8221; align_last_edited=&#8221;on|desktop&#8221; _builder_version=&#8221;4.16&#8243; global_colors_info=&#8221;{}&#8221;][\/et_pb_image][et_pb_text admin_label=&#8221;Visi\u00f3n&#8221; _builder_version=&#8221;4.16&#8243; global_colors_info=&#8221;{}&#8221;]<\/p>\n<h3>Visi\u00f3n<\/h3>\n<p>Ser considerados en cada \u00e1mbito de actuaci\u00f3n como la entidad que aporta la respuesta m\u00e1s eficaz a las necesidades existentes, mediante la optimizaci\u00f3n de los recursos disponibles, el comportamiento \u00e9tico, la innovaci\u00f3n, la calidad, la sinergia y la sostenibilidad de los proyectos y servicios.<br \/>\n[\/et_pb_text][\/et_pb_column][et_pb_column type=&#8221;1_3&#8243; _builder_version=&#8221;4.16&#8243; custom_padding=&#8221;|||&#8221; global_colors_info=&#8221;{}&#8221; custom_padding__hover=&#8221;|||&#8221;][et_pb_image src=&#8221;https:\/\/www.koine-aequalitas.org\/wp-content\/uploads\/2018\/09\/shutterstock_459229504.jpg&#8221; align_tablet=&#8221;center&#8221; align_phone=&#8221;center&#8221; align_last_edited=&#8221;on|desktop&#8221; _builder_version=&#8221;4.16&#8243; global_colors_info=&#8221;{}&#8221;][\/et_pb_image][et_pb_text admin_label=&#8221;Valores&#8221; _builder_version=&#8221;4.27.0&#8243; hover_enabled=&#8221;0&#8243; global_colors_info=&#8221;{}&#8221; sticky_enabled=&#8221;0&#8243;]<\/p>\n<h3>Valores<\/h3>\n<p><strong>VALORES o convicciones que identifican, orientan y determinan la actuaci\u00f3n de la Fundaci\u00f3n:<\/strong><\/p>\n<ul>\n<li><u>Igualdad.<\/u> Creencia firme en la lucha por garantizar la igualdad de oportunidades de todas las personas, potenciando un enfoque de equidad en favor de aquellas personas en situaci\u00f3n de vulnerabilidad social o riesgo de estarlo.<\/li>\n<li><u>Flexibilidad.<\/u> Trabajamos desde la flexibilidad de tiempos, espacios y metodolog\u00edas, adapt\u00e1ndonos a cada demanda de forma personalizada para ofrecer la respuesta m\u00e1s eficaz y eficiente.<\/li>\n<li><u>Transparencia.<\/u> Visibilizamos la integridad del trabajo realizado compartiendo las experiencias y el conocimiento desarrollado y siendo transparentes en la gesti\u00f3n de los recursos empleados.<\/li>\n<li><u>Creatividad.<\/u> A la cabeza de la innovaci\u00f3n social utilizando las herramientas, recursos y metodolog\u00edas m\u00e1s adecuadas, con la finalidad de prestar un servicio diferencial garantizando la medici\u00f3n de su impacto.<\/li>\n<li><u>Cooperaci\u00f3n.<\/u> Trabajando desde la generaci\u00f3n de sinergias y redes en pro del desarrollo social sostenible.<\/li>\n<\/ul>\n<p>[\/et_pb_text][\/et_pb_column][\/et_pb_row][\/et_pb_section]<\/p>\n","protected":false},"excerpt":{"rendered":"<p>Prop\u00f3sito Fundaci\u00f3n Koine-Aequalitas es una entidad privada sin \u00e1nimo de lucro que trabaja desde una perspectiva interdisciplinar en la mejora de la calidad de vida, el desarrollo social y la igualdad de oportunidades de la ciudadan\u00eda y especialmente de las personas en situaci\u00f3n de discapacidad\/ dependencia y\/o exclusi\u00f3n social.Visi\u00f3n Ser considerados en cada \u00e1mbito de [&hellip;]<\/p>\n","protected":false},"author":1,"featured_media":0,"parent":353,"menu_order":0,"comment_status":"closed","ping_status":"closed","template":"","meta":{"_et_pb_use_builder":"on","_et_pb_old_content":"","_et_gb_content_width":"","footnotes":""},"class_list":["post-371","page","type-page","status-publish","hentry"],"yoast_head":"<!-- This site is optimized with the Yoast SEO plugin v27.6 - https:\/\/yoast.com\/product\/yoast-seo-wordpress\/ -->\n<title>Prop\u00f3sito, visi\u00f3n y valores - Koine<\/title>\n<meta name=\"robots\" content=\"index, follow, max-snippet:-1, max-image-preview:large, max-video-preview:-1\" \/>\n<link rel=\"canonical\" href=\"https:\/\/www.koine-aequalitas.org\/en\/about-us\/proposito-vision-y-valores\/\" \/>\n<meta property=\"og:locale\" content=\"en_US\" \/>\n<meta property=\"og:type\" content=\"article\" \/>\n<meta property=\"og:title\" content=\"Prop\u00f3sito, visi\u00f3n y valores - Koine\" \/>\n<meta property=\"og:description\" content=\"Prop\u00f3sito Fundaci\u00f3n Koine-Aequalitas es una entidad privada sin \u00e1nimo de lucro que trabaja desde una perspectiva interdisciplinar en la mejora de la calidad de vida, el desarrollo social y la igualdad de oportunidades de la ciudadan\u00eda y especialmente de las personas en situaci\u00f3n de discapacidad\/ dependencia y\/o exclusi\u00f3n social.Visi\u00f3n Ser considerados en cada \u00e1mbito de [&hellip;]\" \/>\n<meta property=\"og:url\" content=\"https:\/\/www.koine-aequalitas.org\/en\/about-us\/proposito-vision-y-valores\/\" \/>\n<meta property=\"og:site_name\" content=\"Koine\" \/>\n<meta property=\"article:modified_time\" content=\"2024-10-02T10:46:52+00:00\" \/>\n<meta name=\"twitter:card\" content=\"summary_large_image\" \/>\n<meta name=\"twitter:label1\" content=\"Est. reading time\" \/>\n\t<meta name=\"twitter:data1\" content=\"2 minutes\" \/>\n<script type=\"application\/ld+json\" class=\"yoast-schema-graph\">{\"@context\":\"https:\\\/\\\/schema.org\",\"@graph\":[{\"@type\":\"WebPage\",\"@id\":\"https:\\\/\\\/www.koine-aequalitas.org\\\/en\\\/about-us\\\/proposito-vision-y-valores\\\/\",\"url\":\"https:\\\/\\\/www.koine-aequalitas.org\\\/en\\\/about-us\\\/proposito-vision-y-valores\\\/\",\"name\":\"Prop\u00f3sito, visi\u00f3n y valores - Koine\",\"isPartOf\":{\"@id\":\"https:\\\/\\\/www.koine-aequalitas.org\\\/#website\"},\"datePublished\":\"2018-10-17T18:13:04+00:00\",\"dateModified\":\"2024-10-02T10:46:52+00:00\",\"breadcrumb\":{\"@id\":\"https:\\\/\\\/www.koine-aequalitas.org\\\/en\\\/about-us\\\/proposito-vision-y-valores\\\/#breadcrumb\"},\"inLanguage\":\"en-US\",\"potentialAction\":[{\"@type\":\"ReadAction\",\"target\":[\"https:\\\/\\\/www.koine-aequalitas.org\\\/en\\\/about-us\\\/proposito-vision-y-valores\\\/\"]}]},{\"@type\":\"BreadcrumbList\",\"@id\":\"https:\\\/\\\/www.koine-aequalitas.org\\\/en\\\/about-us\\\/proposito-vision-y-valores\\\/#breadcrumb\",\"itemListElement\":[{\"@type\":\"ListItem\",\"position\":1,\"name\":\"Portada\",\"item\":\"https:\\\/\\\/www.koine-aequalitas.org\\\/en\\\/\"},{\"@type\":\"ListItem\",\"position\":2,\"name\":\"About us\",\"item\":\"https:\\\/\\\/www.koine-aequalitas.org\\\/conocenos\\\/\"},{\"@type\":\"ListItem\",\"position\":3,\"name\":\"Prop\u00f3sito, visi\u00f3n y valores\"}]},{\"@type\":\"WebSite\",\"@id\":\"https:\\\/\\\/www.koine-aequalitas.org\\\/#website\",\"url\":\"https:\\\/\\\/www.koine-aequalitas.org\\\/\",\"name\":\"Koine\",\"description\":\"Fundaci\u00f3n para la promoci\u00f3n de derechos de las personas con discapacidad y\\\/o riesgo de exclusi\u00f3n social\",\"potentialAction\":[{\"@type\":\"SearchAction\",\"target\":{\"@type\":\"EntryPoint\",\"urlTemplate\":\"https:\\\/\\\/www.koine-aequalitas.org\\\/?s={search_term_string}\"},\"query-input\":{\"@type\":\"PropertyValueSpecification\",\"valueRequired\":true,\"valueName\":\"search_term_string\"}}],\"inLanguage\":\"en-US\"}]}<\/script>\n<!-- \/ Yoast SEO plugin. -->","yoast_head_json":{"title":"Prop\u00f3sito, visi\u00f3n y valores - Koine","robots":{"index":"index","follow":"follow","max-snippet":"max-snippet:-1","max-image-preview":"max-image-preview:large","max-video-preview":"max-video-preview:-1"},"canonical":"https:\/\/www.koine-aequalitas.org\/en\/about-us\/proposito-vision-y-valores\/","og_locale":"en_US","og_type":"article","og_title":"Prop\u00f3sito, visi\u00f3n y valores - Koine","og_description":"Prop\u00f3sito Fundaci\u00f3n Koine-Aequalitas es una entidad privada sin \u00e1nimo de lucro que trabaja desde una perspectiva interdisciplinar en la mejora de la calidad de vida, el desarrollo social y la igualdad de oportunidades de la ciudadan\u00eda y especialmente de las personas en situaci\u00f3n de discapacidad\/ dependencia y\/o exclusi\u00f3n social.Visi\u00f3n Ser considerados en cada \u00e1mbito de [&hellip;]","og_url":"https:\/\/www.koine-aequalitas.org\/en\/about-us\/proposito-vision-y-valores\/","og_site_name":"Koine","article_modified_time":"2024-10-02T10:46:52+00:00","twitter_card":"summary_large_image","twitter_misc":{"Est. reading time":"2 minutes"},"schema":{"@context":"https:\/\/schema.org","@graph":[{"@type":"WebPage","@id":"https:\/\/www.koine-aequalitas.org\/en\/about-us\/proposito-vision-y-valores\/","url":"https:\/\/www.koine-aequalitas.org\/en\/about-us\/proposito-vision-y-valores\/","name":"Prop\u00f3sito, visi\u00f3n y valores - Koine","isPartOf":{"@id":"https:\/\/www.koine-aequalitas.org\/#website"},"datePublished":"2018-10-17T18:13:04+00:00","dateModified":"2024-10-02T10:46:52+00:00","breadcrumb":{"@id":"https:\/\/www.koine-aequalitas.org\/en\/about-us\/proposito-vision-y-valores\/#breadcrumb"},"inLanguage":"en-US","potentialAction":[{"@type":"ReadAction","target":["https:\/\/www.koine-aequalitas.org\/en\/about-us\/proposito-vision-y-valores\/"]}]},{"@type":"BreadcrumbList","@id":"https:\/\/www.koine-aequalitas.org\/en\/about-us\/proposito-vision-y-valores\/#breadcrumb","itemListElement":[{"@type":"ListItem","position":1,"name":"Portada","item":"https:\/\/www.koine-aequalitas.org\/en\/"},{"@type":"ListItem","position":2,"name":"About us","item":"https:\/\/www.koine-aequalitas.org\/conocenos\/"},{"@type":"ListItem","position":3,"name":"Prop\u00f3sito, visi\u00f3n y valores"}]},{"@type":"WebSite","@id":"https:\/\/www.koine-aequalitas.org\/#website","url":"https:\/\/www.koine-aequalitas.org\/","name":"Koine","description":"Fundaci\u00f3n para la promoci\u00f3n de derechos de las personas con discapacidad y\/o riesgo de exclusi\u00f3n social","potentialAction":[{"@type":"SearchAction","target":{"@type":"EntryPoint","urlTemplate":"https:\/\/www.koine-aequalitas.org\/?s={search_term_string}"},"query-input":{"@type":"PropertyValueSpecification","valueRequired":true,"valueName":"search_term_string"}}],"inLanguage":"en-US"}]}},"_links":{"self":[{"href":"https:\/\/www.koine-aequalitas.org\/en\/wp-json\/wp\/v2\/pages\/371","targetHints":{"allow":["GET"]}}],"collection":[{"href":"https:\/\/www.koine-aequalitas.org\/en\/wp-json\/wp\/v2\/pages"}],"about":[{"href":"https:\/\/www.koine-aequalitas.org\/en\/wp-json\/wp\/v2\/types\/page"}],"author":[{"embeddable":true,"href":"https:\/\/www.koine-aequalitas.org\/en\/wp-json\/wp\/v2\/users\/1"}],"replies":[{"embeddable":true,"href":"https:\/\/www.koine-aequalitas.org\/en\/wp-json\/wp\/v2\/comments?post=371"}],"version-history":[{"count":8,"href":"https:\/\/www.koine-aequalitas.org\/en\/wp-json\/wp\/v2\/pages\/371\/revisions"}],"predecessor-version":[{"id":3205,"href":"https:\/\/www.koine-aequalitas.org\/en\/wp-json\/wp\/v2\/pages\/371\/revisions\/3205"}],"up":[{"embeddable":true,"href":"https:\/\/www.koine-aequalitas.org\/en\/wp-json\/wp\/v2\/pages\/353"}],"wp:attachment":[{"href":"https:\/\/www.koine-aequalitas.org\/en\/wp-json\/wp\/v2\/media?parent=371"}],"curies":[{"name":"wp","href":"https:\/\/api.w.org\/{rel}","templated":true}]}}