{"id":3265,"date":"2023-11-09T15:59:49","date_gmt":"2023-11-09T15:59:49","guid":{"rendered":"https:\/\/www.koine-aequalitas.org\/repoblacion\/"},"modified":"2025-04-11T10:29:00","modified_gmt":"2025-04-11T10:29:00","slug":"repoblacion","status":"publish","type":"page","link":"https:\/\/www.koine-aequalitas.org\/en\/repoblacion\/","title":{"rendered":"Repopulation"},"content":{"rendered":"<p>[et_pb_section fb_built=&#8221;1&#8243; fullwidth=&#8221;on&#8221; _builder_version=&#8221;4.16&#8243; global_colors_info=&#8221;{}&#8221;][et_pb_fullwidth_header title=&#8221;REVITAS &#8211; Integral Restocking Service&#8221; text_orientation=&#8221;center&#8221; admin_label=&#8221;T\u00edtulo de anchura completa&#8221; _builder_version=&#8221;4.27.2&#8243; custom_margin=&#8221;||&#8221; custom_padding=&#8221;0em||0em|&#8221; global_colors_info=&#8221;{}&#8221; button_one_text_size__hover_enabled=&#8221;off&#8221; button_two_text_size__hover_enabled=&#8221;off&#8221; button_one_text_color__hover_enabled=&#8221;off&#8221; button_two_text_color__hover_enabled=&#8221;off&#8221; button_one_border_width__hover_enabled=&#8221;off&#8221; button_two_border_width__hover_enabled=&#8221;off&#8221; button_one_border_color__hover_enabled=&#8221;off&#8221; button_two_border_color__hover_enabled=&#8221;off&#8221; button_one_border_radius__hover_enabled=&#8221;off&#8221; button_two_border_radius__hover_enabled=&#8221;off&#8221; button_one_letter_spacing__hover_enabled=&#8221;off&#8221; button_two_letter_spacing__hover_enabled=&#8221;off&#8221; button_one_bg_color__hover_enabled=&#8221;off&#8221; button_two_bg_color__hover_enabled=&#8221;off&#8221;]<\/p>\n<h4 style=\"text-align: center;\"><em>948 199 775 &#8211; <span style=\"color: #ffffff;\"><a style=\"color: #ffffff;\" href=\"mailto:fundacion@koine-aequalitas.org\"><strong>fundacion@koine-aequalitas.org<\/strong><\/a><\/span><\/em><\/h4>\n<p>[\/et_pb_fullwidth_header][\/et_pb_section][et_pb_section fb_built=&#8221;1&#8243; _builder_version=&#8221;4.16&#8243; custom_padding=&#8221;0px||0px&#8221; global_colors_info=&#8221;{}&#8221;][et_pb_row _builder_version=&#8221;4.16&#8243; background_size=&#8221;initial&#8221; background_position=&#8221;top_left&#8221; background_repeat=&#8221;repeat&#8221; global_colors_info=&#8221;{}&#8221;][et_pb_column type=&#8221;4_4&#8243; _builder_version=&#8221;4.16&#8243; custom_padding=&#8221;|||&#8221; global_colors_info=&#8221;{}&#8221; custom_padding__hover=&#8221;|||&#8221;][et_pb_image src=&#8221;https:\/\/www.koine-aequalitas.org\/wp-content\/uploads\/2023\/11\/REVITAS_LOGO.png&#8221; title_text=&#8221;REVITAS_LOGO&#8221; _builder_version=&#8221;4.22.2&#8243; _module_preset=&#8221;default&#8221; width=&#8221;40%&#8221; module_alignment=&#8221;center&#8221; global_colors_info=&#8221;{}&#8221;][\/et_pb_image][et_pb_text _builder_version=&#8221;4.27.2&#8243; global_colors_info=&#8221;{}&#8221;]<\/p>\n<p style=\"text-align: center;\">This proposal arises to respond to the different needs related to the repopulation of rural areas, taking into account the specificities of each territory.<\/p>\n<p>[\/et_pb_text][et_pb_text _builder_version=&#8221;4.27.2&#8243; _module_preset=&#8221;default&#8221; hover_enabled=&#8221;0&#8243; global_colors_info=&#8221;{}&#8221; sticky_enabled=&#8221;0&#8243;]<\/p>\n<p style=\"text-align: center;\"><iframe loading=\"lazy\" title=\"YouTube video player\" src=\"https:\/\/www.youtube.com\/embed\/rwExqIQ67NI?si=X_XoC_LHYD1xPeIK\" width=\"800\" height=\"450\" frameborder=\"0\" allowfullscreen=\"allowfullscreen\"><\/iframe><\/p>\n<p>[\/et_pb_text][\/et_pb_column][\/et_pb_row][\/et_pb_section][et_pb_section fb_built=&#8221;1&#8243; fullwidth=&#8221;on&#8221; _builder_version=&#8221;4.16&#8243; custom_padding=&#8221;0px||0px&#8221; collapsed=&#8221;off&#8221; global_colors_info=&#8221;{}&#8221;][et_pb_fullwidth_header title=&#8221;Ask us for more information:&#8221; text_orientation=&#8221;center&#8221; _builder_version=&#8221;4.27.2&#8243; custom_margin=&#8221;||&#8221; custom_padding=&#8221;0em||0em|&#8221; global_colors_info=&#8221;{}&#8221; button_one_text_size__hover_enabled=&#8221;off&#8221; button_two_text_size__hover_enabled=&#8221;off&#8221; button_one_text_color__hover_enabled=&#8221;off&#8221; button_two_text_color__hover_enabled=&#8221;off&#8221; button_one_border_width__hover_enabled=&#8221;off&#8221; button_two_border_width__hover_enabled=&#8221;off&#8221; button_one_border_color__hover_enabled=&#8221;off&#8221; button_two_border_color__hover_enabled=&#8221;off&#8221; button_one_border_radius__hover_enabled=&#8221;off&#8221; button_two_border_radius__hover_enabled=&#8221;off&#8221; button_one_letter_spacing__hover_enabled=&#8221;off&#8221; button_two_letter_spacing__hover_enabled=&#8221;off&#8221; button_one_bg_color__hover_enabled=&#8221;off&#8221; button_two_bg_color__hover_enabled=&#8221;off&#8221;]<\/p>\n<h4 style=\"text-align: center;\"><em>948 199 775 &#8211; <span style=\"color: #ffffff;\"><a style=\"color: #ffffff;\" href=\"mailto:fundacion@koine-aequalitas.org\"><strong>fundacion@koine-aequalitas.org<\/strong><\/a><\/span><\/em><\/h4>\n<p>[\/et_pb_fullwidth_header][\/et_pb_section][et_pb_section fb_built=&#8221;1&#8243; _builder_version=&#8221;4.16&#8243; custom_margin=&#8221;0px||0px|&#8221; custom_padding=&#8221;0px||0px&#8221; global_colors_info=&#8221;{}&#8221;][et_pb_row _builder_version=&#8221;4.16&#8243; background_size=&#8221;initial&#8221; background_position=&#8221;top_left&#8221; background_repeat=&#8221;repeat&#8221; global_colors_info=&#8221;{}&#8221;][et_pb_column type=&#8221;4_4&#8243; _builder_version=&#8221;4.16&#8243; custom_padding=&#8221;|||&#8221; global_colors_info=&#8221;{}&#8221; custom_padding__hover=&#8221;|||&#8221;][et_pb_text _builder_version=&#8221;4.27.2&#8243; global_colors_info=&#8221;{}&#8221;]<\/p>\n<h3><strong>OBJECTIVES<\/strong><\/h3>\n<p><strong>General Objective<\/strong><\/p>\n<ul>\n<li>To promote repopulation processes in rural areas of Navarre through the participatory definition, testing and validation of a methodological strategy (institutional, community and individual) based on the social and labor inclusion of groups in situations of social vulnerability in the areas that make up the creative industries (sustainable tourism) through various forms of social economy.<\/li>\n<\/ul>\n<p><strong>Specific Objectives<\/strong><\/p>\n<ul>\n<li>Promote the socio-economic development of the localities involved through a participatory repopulation strategy that exploits the opportunities and minimizes the obstacles for the maintenance and incorporation of population.<\/li>\n<li>To favor the socio-labor insertion of socially vulnerable people in rural areas through the generation of employment and entrepreneurship in the sustainable tourism sector.<\/li>\n<li>Promote the social inclusion of people in situations of social vulnerability by generating opportunities for the development of their life project (individual, family, social and labor) in depopulated rural areas.<\/li>\n<li>To favor the replicability and sustainability of the project through optimal traceability, evaluation and communication.<br \/>.<\/li>\n<\/ul>\n<p>[\/et_pb_text][et_pb_image src=&#8221;https:\/\/www.koine-aequalitas.org\/wp-content\/uploads\/2024\/08\/REVITAS_COMECOCOS-1024&#215;1024.jpg&#8221; title_text=&#8221;REVITAS_COMECOCOS&#8221; align=&#8221;center&#8221; _builder_version=&#8221;4.24.0&#8243; _module_preset=&#8221;default&#8221; width=&#8221;70%&#8221; global_colors_info=&#8221;{}&#8221;][\/et_pb_image][et_pb_text _builder_version=&#8221;4.27.2&#8243; global_colors_info=&#8221;{}&#8221;]<\/p>\n<p>The project is supported by the Innova Program.<\/p>\n<p>[\/et_pb_text][et_pb_image src=&#8221;https:\/\/www.koine-aequalitas.org\/wp-content\/uploads\/2024\/08\/InnovaFund-Horiz.png&#8221; title_text=&#8221;Innova+Fund-Horiz&#8221; align=&#8221;center&#8221; _builder_version=&#8221;4.27.0&#8243; _module_preset=&#8221;default&#8221; width=&#8221;70%&#8221; global_colors_info=&#8221;{}&#8221;][\/et_pb_image][\/et_pb_column][\/et_pb_row][\/et_pb_section][et_pb_section fb_built=&#8221;1&#8243; fullwidth=&#8221;on&#8221; _builder_version=&#8221;4.16&#8243; custom_padding=&#8221;0px||0px&#8221; global_colors_info=&#8221;{}&#8221;][et_pb_fullwidth_header title=&#8221;Ask us for more information:&#8221; text_orientation=&#8221;center&#8221; _builder_version=&#8221;4.27.2&#8243; custom_margin=&#8221;||&#8221; custom_padding=&#8221;0em||0em|&#8221; global_colors_info=&#8221;{}&#8221; button_one_text_size__hover_enabled=&#8221;off&#8221; button_two_text_size__hover_enabled=&#8221;off&#8221; button_one_text_color__hover_enabled=&#8221;off&#8221; button_two_text_color__hover_enabled=&#8221;off&#8221; button_one_border_width__hover_enabled=&#8221;off&#8221; button_two_border_width__hover_enabled=&#8221;off&#8221; button_one_border_color__hover_enabled=&#8221;off&#8221; button_two_border_color__hover_enabled=&#8221;off&#8221; button_one_border_radius__hover_enabled=&#8221;off&#8221; button_two_border_radius__hover_enabled=&#8221;off&#8221; button_one_letter_spacing__hover_enabled=&#8221;off&#8221; button_two_letter_spacing__hover_enabled=&#8221;off&#8221; button_one_bg_color__hover_enabled=&#8221;off&#8221; button_two_bg_color__hover_enabled=&#8221;off&#8221;]<\/p>\n<h4 style=\"text-align: center;\"><em>948 199 775 &#8211; <span style=\"color: #ffffff;\"><a style=\"color: #ffffff;\" href=\"mailto:fundacion@koine-aequalitas.org\"><strong>fundacion@koine-aequalitas.org<\/strong><\/a><\/span><\/em><\/h4>\n<p>[\/et_pb_fullwidth_header][\/et_pb_section]<\/p>\n","protected":false},"excerpt":{"rendered":"<p>948 199 775 &#8211; fundacion@koine-aequalitas.orgThis proposal arises to respond to the different needs related to the repopulation of rural areas, taking into account the specificities of each territory.948 199 775 &#8211; fundacion@koine-aequalitas.orgOBJECTIVES General Objective To promote repopulation processes in rural areas of Navarre through the participatory definition, testing and validation of a methodological strategy (institutional, [&hellip;]<\/p>\n","protected":false},"author":4,"featured_media":0,"parent":0,"menu_order":0,"comment_status":"closed","ping_status":"closed","template":"","meta":{"_et_pb_use_builder":"on","_et_pb_old_content":"","_et_gb_content_width":"","footnotes":""},"class_list":["post-3265","page","type-page","status-publish","hentry"],"yoast_head":"<!-- This site is optimized with the Yoast SEO plugin v27.4 - https:\/\/yoast.com\/product\/yoast-seo-wordpress\/ -->\n<title>Repopulation - Koine<\/title>\n<meta name=\"description\" content=\"Fundaci\u00f3n Koine-Aequalitas. Entidad autorizada gesti\u00f3n de planes sociales de recolocaci\u00f3n. Valor a\u00f1adido para la empresa. Enfoque humanista y socialmente responsable.\" \/>\n<meta name=\"robots\" content=\"index, follow, max-snippet:-1, max-image-preview:large, max-video-preview:-1\" \/>\n<link rel=\"canonical\" href=\"https:\/\/www.koine-aequalitas.org\/en\/repoblacion\/\" \/>\n<meta property=\"og:locale\" content=\"en_US\" \/>\n<meta property=\"og:type\" content=\"article\" \/>\n<meta property=\"og:title\" content=\"Repopulation - Koine\" \/>\n<meta property=\"og:description\" content=\"Fundaci\u00f3n Koine-Aequalitas. Entidad autorizada gesti\u00f3n de planes sociales de recolocaci\u00f3n. Valor a\u00f1adido para la empresa. Enfoque humanista y socialmente responsable.\" \/>\n<meta property=\"og:url\" content=\"https:\/\/www.koine-aequalitas.org\/en\/repoblacion\/\" \/>\n<meta property=\"og:site_name\" content=\"Koine\" \/>\n<meta property=\"article:modified_time\" content=\"2025-04-11T10:29:00+00:00\" \/>\n<meta name=\"twitter:card\" content=\"summary_large_image\" \/>\n<meta name=\"twitter:label1\" content=\"Est. reading time\" \/>\n\t<meta name=\"twitter:data1\" content=\"2 minutes\" \/>\n<script type=\"application\/ld+json\" class=\"yoast-schema-graph\">{\"@context\":\"https:\\\/\\\/schema.org\",\"@graph\":[{\"@type\":\"WebPage\",\"@id\":\"https:\\\/\\\/www.koine-aequalitas.org\\\/en\\\/repoblacion\\\/\",\"url\":\"https:\\\/\\\/www.koine-aequalitas.org\\\/en\\\/repoblacion\\\/\",\"name\":\"Repopulation - Koine\",\"isPartOf\":{\"@id\":\"https:\\\/\\\/www.koine-aequalitas.org\\\/#website\"},\"datePublished\":\"2023-11-09T15:59:49+00:00\",\"dateModified\":\"2025-04-11T10:29:00+00:00\",\"description\":\"Fundaci\u00f3n Koine-Aequalitas. Entidad autorizada gesti\u00f3n de planes sociales de recolocaci\u00f3n. Valor a\u00f1adido para la empresa. Enfoque humanista y socialmente responsable.\",\"breadcrumb\":{\"@id\":\"https:\\\/\\\/www.koine-aequalitas.org\\\/en\\\/repoblacion\\\/#breadcrumb\"},\"inLanguage\":\"en-US\",\"potentialAction\":[{\"@type\":\"ReadAction\",\"target\":[\"https:\\\/\\\/www.koine-aequalitas.org\\\/en\\\/repoblacion\\\/\"]}]},{\"@type\":\"BreadcrumbList\",\"@id\":\"https:\\\/\\\/www.koine-aequalitas.org\\\/en\\\/repoblacion\\\/#breadcrumb\",\"itemListElement\":[{\"@type\":\"ListItem\",\"position\":1,\"name\":\"Portada\",\"item\":\"https:\\\/\\\/www.koine-aequalitas.org\\\/en\\\/\"},{\"@type\":\"ListItem\",\"position\":2,\"name\":\"Repopulation\"}]},{\"@type\":\"WebSite\",\"@id\":\"https:\\\/\\\/www.koine-aequalitas.org\\\/#website\",\"url\":\"https:\\\/\\\/www.koine-aequalitas.org\\\/\",\"name\":\"Koine\",\"description\":\"Fundaci\u00f3n para la promoci\u00f3n de derechos de las personas con discapacidad y\\\/o riesgo de exclusi\u00f3n social\",\"potentialAction\":[{\"@type\":\"SearchAction\",\"target\":{\"@type\":\"EntryPoint\",\"urlTemplate\":\"https:\\\/\\\/www.koine-aequalitas.org\\\/?s={search_term_string}\"},\"query-input\":{\"@type\":\"PropertyValueSpecification\",\"valueRequired\":true,\"valueName\":\"search_term_string\"}}],\"inLanguage\":\"en-US\"}]}<\/script>\n<!-- \/ Yoast SEO plugin. -->","yoast_head_json":{"title":"Repopulation - Koine","description":"Fundaci\u00f3n Koine-Aequalitas. Entidad autorizada gesti\u00f3n de planes sociales de recolocaci\u00f3n. Valor a\u00f1adido para la empresa. Enfoque humanista y socialmente responsable.","robots":{"index":"index","follow":"follow","max-snippet":"max-snippet:-1","max-image-preview":"max-image-preview:large","max-video-preview":"max-video-preview:-1"},"canonical":"https:\/\/www.koine-aequalitas.org\/en\/repoblacion\/","og_locale":"en_US","og_type":"article","og_title":"Repopulation - Koine","og_description":"Fundaci\u00f3n Koine-Aequalitas. Entidad autorizada gesti\u00f3n de planes sociales de recolocaci\u00f3n. Valor a\u00f1adido para la empresa. Enfoque humanista y socialmente responsable.","og_url":"https:\/\/www.koine-aequalitas.org\/en\/repoblacion\/","og_site_name":"Koine","article_modified_time":"2025-04-11T10:29:00+00:00","twitter_card":"summary_large_image","twitter_misc":{"Est. reading time":"2 minutes"},"schema":{"@context":"https:\/\/schema.org","@graph":[{"@type":"WebPage","@id":"https:\/\/www.koine-aequalitas.org\/en\/repoblacion\/","url":"https:\/\/www.koine-aequalitas.org\/en\/repoblacion\/","name":"Repopulation - Koine","isPartOf":{"@id":"https:\/\/www.koine-aequalitas.org\/#website"},"datePublished":"2023-11-09T15:59:49+00:00","dateModified":"2025-04-11T10:29:00+00:00","description":"Fundaci\u00f3n Koine-Aequalitas. Entidad autorizada gesti\u00f3n de planes sociales de recolocaci\u00f3n. Valor a\u00f1adido para la empresa. Enfoque humanista y socialmente responsable.","breadcrumb":{"@id":"https:\/\/www.koine-aequalitas.org\/en\/repoblacion\/#breadcrumb"},"inLanguage":"en-US","potentialAction":[{"@type":"ReadAction","target":["https:\/\/www.koine-aequalitas.org\/en\/repoblacion\/"]}]},{"@type":"BreadcrumbList","@id":"https:\/\/www.koine-aequalitas.org\/en\/repoblacion\/#breadcrumb","itemListElement":[{"@type":"ListItem","position":1,"name":"Portada","item":"https:\/\/www.koine-aequalitas.org\/en\/"},{"@type":"ListItem","position":2,"name":"Repopulation"}]},{"@type":"WebSite","@id":"https:\/\/www.koine-aequalitas.org\/#website","url":"https:\/\/www.koine-aequalitas.org\/","name":"Koine","description":"Fundaci\u00f3n para la promoci\u00f3n de derechos de las personas con discapacidad y\/o riesgo de exclusi\u00f3n social","potentialAction":[{"@type":"SearchAction","target":{"@type":"EntryPoint","urlTemplate":"https:\/\/www.koine-aequalitas.org\/?s={search_term_string}"},"query-input":{"@type":"PropertyValueSpecification","valueRequired":true,"valueName":"search_term_string"}}],"inLanguage":"en-US"}]}},"_links":{"self":[{"href":"https:\/\/www.koine-aequalitas.org\/en\/wp-json\/wp\/v2\/pages\/3265","targetHints":{"allow":["GET"]}}],"collection":[{"href":"https:\/\/www.koine-aequalitas.org\/en\/wp-json\/wp\/v2\/pages"}],"about":[{"href":"https:\/\/www.koine-aequalitas.org\/en\/wp-json\/wp\/v2\/types\/page"}],"author":[{"embeddable":true,"href":"https:\/\/www.koine-aequalitas.org\/en\/wp-json\/wp\/v2\/users\/4"}],"replies":[{"embeddable":true,"href":"https:\/\/www.koine-aequalitas.org\/en\/wp-json\/wp\/v2\/comments?post=3265"}],"version-history":[{"count":4,"href":"https:\/\/www.koine-aequalitas.org\/en\/wp-json\/wp\/v2\/pages\/3265\/revisions"}],"predecessor-version":[{"id":3570,"href":"https:\/\/www.koine-aequalitas.org\/en\/wp-json\/wp\/v2\/pages\/3265\/revisions\/3570"}],"wp:attachment":[{"href":"https:\/\/www.koine-aequalitas.org\/en\/wp-json\/wp\/v2\/media?parent=3265"}],"curies":[{"name":"wp","href":"https:\/\/api.w.org\/{rel}","templated":true}]}}